{"id":13649,"date":"2023-01-10T04:42:44","date_gmt":"2023-01-10T07:42:44","guid":{"rendered":"https:\/\/cursos.talentup.cl\/?post_type=product&#038;p=13649"},"modified":"2024-02-07T23:38:58","modified_gmt":"2024-02-08T02:38:58","slug":"fitness-en-60-dias","status":"publish","type":"product","link":"https:\/\/cursos.talentup.cl\/?product=fitness-en-60-dias","title":{"rendered":"FITNESS EN 60 D\u00cdAS"},"content":{"rendered":"<p>\u00bfSab\u00edas que para el 2016 m\u00e1s de 1900 millones de adultos de 18 o m\u00e1s a\u00f1os ten\u00edan sobrepeso?<br \/>\nEsto representa el 39% de las personas adultas de 18 o m\u00e1s a\u00f1os y el 13% de ellas con obesidad a nivel mundial. Esta cifra sigue creciendo con los a\u00f1os.<\/p>\n<p>La mayor\u00eda de la poblaci\u00f3n mundial vive en pa\u00edses donde el sobrepeso y la obesidad se cobran m\u00e1s vidas de personas que la misma desnutrici\u00f3n o la escasez de alimento.<\/p>\n<p>\u00bfQU\u00c9 VAS A LOGRAR?<\/p>\n<p>\u00bfEst\u00e1s cansado del sedentarismo, te hace falta actividad f\u00edsica o quieres mejorar tu salud, pero no tienes tiempo suficiente? <\/p>\n<p>\u00bfHas llegado al l\u00edmite y quieres un cambio definitivo en tu vida, pero no tienes las herramientas o no sabes por d\u00f3nde empezar?<\/p>\n<p>Con el \u00e1nimo de atender a esta gran necesidad, hemos dise\u00f1ado esta MasterClass donde lograr\u00e1s:<\/p>\n<p>Empezar tu camino para salir del sedentarismo de una manera sencilla.<\/p>\n<p>Reducir la grasa corporal, mejorar tu resistencia cardiovascular y tu flexibilidad.<\/p>\n<p>Fortalecer tu masa muscular en 8 semanas, entrenando solamente 15 minutos al d\u00eda.<\/p>\n<p>Mejorar tus h\u00e1bitos alimenticios gracias a una gu\u00eda completa y bien explicada.<\/p>\n<p>Qu\u00e9 alimentos funcionan y cuales no para conseguir tus objetivos.<\/p>\n<p>Aprender rutinas de entrenamiento que se ajustan a tu nivel.<\/p>\n<p>Mejorar tu condici\u00f3n f\u00edsica y tu salud general para mantener esos resultados en el tiempo.<\/p>\n<p>Mantener esos resultados gracias a la progresi\u00f3n semanal que estructuramos para ti.<\/p>\n<p>Eliminar la sensaci\u00f3n de estar fuera de forma con poca fuerza, energ\u00eda y desmotivaci\u00f3n.<\/p>\n<p>Sacarle m\u00e1s provecho a sus d\u00edas ocupados de una manera simple y descomplicada.<\/p>\n<p>Podr\u00e1s salir del sedentarismo\/inactividad en tan solo 60 d\u00edas\/8 semanas<\/p>\n<p>\u00bfC\u00d3MO LO VAS A LOGRAR?<\/p>\n<p>En el contenido del curso encontraras 9 VIDEOS con un m\u00f3dulo introductorio y 8 lecciones semana a semana presentados de la siguiente manera:<\/p>\n<p>M\u00f3dulo 1: \u2013 Video con la introducci\u00f3n al curso y la gu\u00eda nutricional. (alimentaci\u00f3n adecuada durante las 8 semanas con resultados asegurados).<\/p>\n<p>M\u00f3dulo 2: Semana 1 a la 4. Rutina por 7 d\u00edas, (lunes a domingo de la semana 1), la rutina 2 ser\u00edan los siguientes 7 d\u00edas y as\u00ed sucesivamente hasta completar las 4 semanas.<\/p>\n<p>M\u00f3dulo 3: Encontrar\u00e1s tus rutinas de la semana 5 a la 8. Se deben (ejecutadas de la misma manera que las de las semanas 1 a la 4)<\/p>\n<p>Recuerda que cada rutina dura solamente 15 minutos. Si sientes que tienes energ\u00eda de sobra, puedes repetir las rutinas m\u00e1s de una vez en un mismo d\u00eda.<\/p>\n<p>ACERCA DEL PRODUCTOR<\/p>\n<p>Desarrollado por GECO CORREAL &#8211; Entrenador Personal y Asesor Nutricional con m\u00e1s de 7 a\u00f1os de experiencia y cientos de clientes beneficiados y casos exitosos en el campo de la \u201cRecomposici\u00f3n Corporal (ganancia de masa muscular y p\u00e9rdida de peso y reducci\u00f3n de porcentajes de grasa corporal) Certificado de ECEP (Escuela de Capacitaci\u00f3n de Entrenadores Personales). <\/p>\n<p>Su frase m\u00e1s representativa es: \u201cSin Excusas\u201d \u2013 Porque siempre hay una forma de lograrlo, lo importante es querer conseguirlo y tomar acci\u00f3n.<\/p>\n","protected":false},"excerpt":{"rendered":"<p>\u00bfSab\u00edas que para el 2016 m\u00e1s de 1900 millones de adultos de 18 o m\u00e1s a\u00f1os ten\u00edan sobrepeso?<br \/>\nEsto representa el 39% de las personas adultas de 18 o m\u00e1s a\u00f1os y el 13% de ellas con obesidad a nivel mundial. Esta cifra sigue creciendo con los a\u00f1os.<\/p>\n<p>La mayor\u00eda de la poblaci\u00f3n mundial vive en pa\u00edses donde el sobrepeso y la obesidad se cobran m\u00e1s vidas de personas que la misma desnutrici\u00f3n o la escasez de alimento.<\/p>\n","protected":false},"featured_media":5225,"template":"","meta":{"_joinchat":[]},"product_brand":[],"product_cat":[337,344],"product_tag":[],"class_list":{"0":"post-13649","1":"product","2":"type-product","3":"status-publish","4":"has-post-thumbnail","6":"product_cat-salud-y-deportes","7":"product_cat-todos","9":"first","10":"instock","11":"sale","12":"shipping-taxable","13":"product-type-external"},"_links":{"self":[{"href":"https:\/\/cursos.talentup.cl\/index.php?rest_route=\/wp\/v2\/product\/13649","targetHints":{"allow":["GET"]}}],"collection":[{"href":"https:\/\/cursos.talentup.cl\/index.php?rest_route=\/wp\/v2\/product"}],"about":[{"href":"https:\/\/cursos.talentup.cl\/index.php?rest_route=\/wp\/v2\/types\/product"}],"version-history":[{"count":2,"href":"https:\/\/cursos.talentup.cl\/index.php?rest_route=\/wp\/v2\/product\/13649\/revisions"}],"predecessor-version":[{"id":15122,"href":"https:\/\/cursos.talentup.cl\/index.php?rest_route=\/wp\/v2\/product\/13649\/revisions\/15122"}],"wp:featuredmedia":[{"embeddable":true,"href":"https:\/\/cursos.talentup.cl\/index.php?rest_route=\/wp\/v2\/media\/5225"}],"wp:attachment":[{"href":"https:\/\/cursos.talentup.cl\/index.php?rest_route=%2Fwp%2Fv2%2Fmedia&parent=13649"}],"wp:term":[{"taxonomy":"product_brand","embeddable":true,"href":"https:\/\/cursos.talentup.cl\/index.php?rest_route=%2Fwp%2Fv2%2Fproduct_brand&post=13649"},{"taxonomy":"product_cat","embeddable":true,"href":"https:\/\/cursos.talentup.cl\/index.php?rest_route=%2Fwp%2Fv2%2Fproduct_cat&post=13649"},{"taxonomy":"product_tag","embeddable":true,"href":"https:\/\/cursos.talentup.cl\/index.php?rest_route=%2Fwp%2Fv2%2Fproduct_tag&post=13649"}],"curies":[{"name":"wp","href":"https:\/\/api.w.org\/{rel}","templated":true}]}}