{"id":13702,"date":"2023-01-10T04:46:29","date_gmt":"2023-01-10T07:46:29","guid":{"rendered":"https:\/\/cursos.talentup.cl\/producto\/diseno-en-wordpress-para-aprender-como-un-profesional-2\/"},"modified":"2024-02-07T23:37:19","modified_gmt":"2024-02-08T02:37:19","slug":"diseno-en-wordpress-para-aprender-como-un-profesional-2","status":"publish","type":"product","link":"https:\/\/cursos.talentup.cl\/?product=diseno-en-wordpress-para-aprender-como-un-profesional-2","title":{"rendered":"DISE\u00d1O EN WORDPRESS PARA APRENDER COMO UN PROFESIONAL"},"content":{"rendered":"<p>\u00bfDeseas aprender c\u00f3mo dise\u00f1ar en WordPress?<\/p>\n<p>Con el MasterClass DISE\u00d1O EN WORDPRESS PARA APRENDER COMO UN PROFESIONAL dise\u00f1ar\u00e1s p\u00e1ginas web y tiendas online como un profesional.<br \/>\nAdem\u00e1s, lograr\u00e1s vender productos y blogs, o crear tu propia empresa de dise\u00f1o.<\/p>\n<p>\u00bfQU\u00c9 VAS A LOGRAR? <\/p>\n<p>Dise\u00f1ar\u00e1s p\u00e1ginas web y tiendas online para su negocio actual, venta de productos, blogs, como un profesional.<\/p>\n<p>Crear\u00e1s tu propia empresa de dise\u00f1o web con los conocimientos que vas a adquirir en este curso.<\/p>\n<p>Acceder\u00e1s al certificado avalado por Hotmart y Seminarios Online.<\/p>\n<p>\u00bfC\u00d3MO LO VAS A LOGRAR?<\/p>\n<p>A trav\u00e9s del siguiente contenido, estructurado paso a paso:<\/p>\n<p>M\u00f3dulo 1 &#8211; Introducci\u00f3n al curso<\/p>\n<p>Presentaci\u00f3n curso dise\u00f1o web.<\/p>\n<p>M\u00f3dulo 2 &#8211; Costos del proyecto<\/p>\n<p>Descuento del 20%.<br \/>\nCostes del Proyecto.<\/p>\n<p>M\u00f3dulo 3 &#8211; Instalaci\u00f3n de WordPress<\/p>\n<p>Instalaci\u00f3n cms en modo online (hosting).<br \/>\nInstalaci\u00f3n wordpress en local (para trabajar sin internet).<\/p>\n<p>M\u00f3dulo 4 &#8211; Primeros Pasos<\/p>\n<p>\u00bfC\u00f3mo funciona el cms de wordpress?<br \/>\n\u00bfQu\u00e9 es y c\u00f3mo funciona el c\u00f3digo php?<\/p>\n<p>M\u00f3dulo 5 &#8211; Ciberseguridad<\/p>\n<p>Hackeando wordpress.<br \/>\nProtegiendo wordpress de los ataques.<\/p>\n<p>M\u00f3dulo 6.- Marketing<\/p>\n<p>Branding de nuestro proyecto.<br \/>\nImbound marketing para nuestro proyecto.<\/p>\n<p>M\u00f3dulo 7- Posicionamiento Seo<\/p>\n<p>Palabras clave.<br \/>\nPosicionamiento seo.<\/p>\n<p>M\u00f3dulo 8 &#8211; Empezando dise\u00f1o y desarrollo de nuestra p\u00e1gina web<\/p>\n<p>Plugins para elegir en nuestro proyecto de wp.<br \/>\nOptimizaci\u00f3n de im\u00e1genes.<br \/>\nPie de p\u00e1gina (footer).<br \/>\nCabecera (header).<\/p>\n<p>M\u00f3dulo 9 &#8211; Dise\u00f1ando las pesta\u00f1as de nuestra web<\/p>\n<p>Pesta\u00f1a de inicio.<br \/>\nPesta\u00f1a posicionamiento seo.<br \/>\nPesta\u00f1a ciberseguridad.<br \/>\nPesta\u00f1a contacto.<br \/>\nPesta\u00f1a de mantenimiento.<br \/>\nPesta\u00f1a dise\u00f1o.<br \/>\nRgpd en wordpress.<br \/>\nPol\u00edtica de privacidad y cookies.<\/p>\n<p>M\u00f3dulo 10 &#8211; Personalizando nuestro cms<\/p>\n<p>A\u00f1adiendo el favicon.<br \/>\nCreando mail corporativo.<\/p>\n<p>M\u00f3dulo 11- Dominio y email marketing<\/p>\n<p>Cambiando el dominio de nuestra web.<br \/>\nEmail marketing (listas de contactos).<\/p>\n<p>M\u00f3dulo 12 &#8211; Personalizando woocommerce (tienda online)<\/p>\n<p>Personalizando woocommerce (tienda online).<\/p>\n<p>M\u00f3dulo 13 &#8211; Enlazando google a wp<\/p>\n<p>Crear ficha de google my business y campa\u00f1a de ads.<br \/>\nEnlace a google analytics.<br \/>\nIndexando y a\u00f1adiendo sitemaps.<\/p>\n<p>M\u00f3dulo 14 &#8211; Examen final<\/p>\n<p>Examen final.<\/p>\n<p>Preguntas.<\/p>\n<p>Bonos adicionales <\/p>\n<p>1. Css en wordpress. 5 formas de editar css en wordpress.<br \/>\n2. Ebook &#8211; branding de contenidos.<br \/>\n3. Ebook posicionamiento seo.<br \/>\n4. Html b\u00e1sico en 4 pasos + ejemplos pr\u00e1cticos.<\/p>\n<p>ACERCA DEL PRODUCTOR <\/p>\n<p>Desarrollado por MARCO ANTONIO DIEZ, CEO de la empresa New Application que se dedica al dise\u00f1o y desarrollo de aplicaciones m\u00f3viles y p\u00e1ginas webs. <\/p>\n<p>Tiene un largo recorrido de p\u00e1ginas web creadas, problemas solventados de las mismas y muchos negocios ganando dinero gracias a las tiendas online que ha realizado. <\/p>\n","protected":false},"excerpt":{"rendered":"<p>\u00bfDeseas aprender c\u00f3mo dise\u00f1ar en Wordpress?<\/p>\n<p>Con el MasterClass DISE\u00d1O EN WORDPRESS PARA APRENDER COMO UN PROFESIONAL dise\u00f1ar\u00e1s p\u00e1ginas web y tiendas online como un profesional.<br \/>\nAdem\u00e1s, lograr\u00e1s vender productos y blogs, o crear tu propia empresa de dise\u00f1o.<\/p>\n","protected":false},"featured_media":3564,"template":"","meta":{"_joinchat":[]},"product_brand":[],"product_cat":[321,344],"product_tag":[],"class_list":{"0":"post-13702","1":"product","2":"type-product","3":"status-publish","4":"has-post-thumbnail","6":"product_cat-diseno","7":"product_cat-todos","9":"first","10":"instock","11":"sale","12":"shipping-taxable","13":"product-type-external"},"_links":{"self":[{"href":"https:\/\/cursos.talentup.cl\/index.php?rest_route=\/wp\/v2\/product\/13702","targetHints":{"allow":["GET"]}}],"collection":[{"href":"https:\/\/cursos.talentup.cl\/index.php?rest_route=\/wp\/v2\/product"}],"about":[{"href":"https:\/\/cursos.talentup.cl\/index.php?rest_route=\/wp\/v2\/types\/product"}],"version-history":[{"count":1,"href":"https:\/\/cursos.talentup.cl\/index.php?rest_route=\/wp\/v2\/product\/13702\/revisions"}],"predecessor-version":[{"id":14279,"href":"https:\/\/cursos.talentup.cl\/index.php?rest_route=\/wp\/v2\/product\/13702\/revisions\/14279"}],"wp:featuredmedia":[{"embeddable":true,"href":"https:\/\/cursos.talentup.cl\/index.php?rest_route=\/wp\/v2\/media\/3564"}],"wp:attachment":[{"href":"https:\/\/cursos.talentup.cl\/index.php?rest_route=%2Fwp%2Fv2%2Fmedia&parent=13702"}],"wp:term":[{"taxonomy":"product_brand","embeddable":true,"href":"https:\/\/cursos.talentup.cl\/index.php?rest_route=%2Fwp%2Fv2%2Fproduct_brand&post=13702"},{"taxonomy":"product_cat","embeddable":true,"href":"https:\/\/cursos.talentup.cl\/index.php?rest_route=%2Fwp%2Fv2%2Fproduct_cat&post=13702"},{"taxonomy":"product_tag","embeddable":true,"href":"https:\/\/cursos.talentup.cl\/index.php?rest_route=%2Fwp%2Fv2%2Fproduct_tag&post=13702"}],"curies":[{"name":"wp","href":"https:\/\/api.w.org\/{rel}","templated":true}]}}