{"id":13711,"date":"2023-01-10T04:46:39","date_gmt":"2023-01-10T07:46:39","guid":{"rendered":"https:\/\/cursos.talentup.cl\/producto\/instagram-para-principiantes-2\/"},"modified":"2024-02-07T23:37:48","modified_gmt":"2024-02-08T02:37:48","slug":"instagram-para-principiantes-2","status":"publish","type":"product","link":"https:\/\/cursos.talentup.cl\/?product=instagram-para-principiantes-2","title":{"rendered":"INSTAGRAM PARA PRINCIPIANTES"},"content":{"rendered":"<p>\u00bfIniciaste tu emprendimiento y no est\u00e1s presente en Instagram?<\/p>\n<p>Con el MasterClass INSTAGRAM PARA PRINCIPIANTES, tendr\u00e1s una biograf\u00eda como todo un profesional, desarrollar tu feed de una manera creativa y organizada que logre comunicar de una manera estrat\u00e9gica.<\/p>\n<p>\u00bfQU\u00c9 VAS A LOGRAR?<\/p>\n<p>Utilizar\u00e1s todas las herramientas internas que te ofrece la aplicaci\u00f3n para editar tus fotograf\u00edas y videos como un profesional.<\/p>\n<p>Identificar\u00e1s los tipos de feed que puedes aplicar en Instagram de acuerdo a tu p\u00fablico objetivo.<\/p>\n<p>Desarrollar\u00e1s habilidades para posicionar tu marca.<\/p>\n<p>Conocer\u00e1s las estad\u00edsticas de la aplicaci\u00f3n para segmentar de manera adecuada tu p\u00fablico objetivo.<\/p>\n<p>Potencializar\u00e1s tus ventas y tener un crecimiento exponencial en tu comunidad digital.<\/p>\n<p>Acceder\u00e1s al certificado avalado por Hotmart y Seminarios Online.<\/p>\n<p>\u00bfC\u00d3MO LO VAS A LOGRAR?<\/p>\n<p>A trav\u00e9s del siguiente contenido, estructurado paso a paso:<\/p>\n<p>M\u00d3DULO 1 &#8211; INSTAGRAM PARA PRINCIPIANTES<\/p>\n<p>Introducci\u00f3n.<br \/>\nJustificaci\u00f3n.<br \/>\nPaso No.1 \u2013 Beneficios.<br \/>\nPaso No.2 \u2013 Recomendaciones importantes.<\/p>\n<p>M\u00d3DULO 2 &#8211; PARTE PR\u00c1CTICA<\/p>\n<p>Conociendo Instagram.<br \/>\nConsejos pr\u00e1cticos.<br \/>\nTipos de feed parte 1.<br \/>\nTipos de feed parte 2.<br \/>\nHerramientas para construir tu feed.<br \/>\nPsicolog\u00eda del color.<br \/>\nDefiniendo tu p\u00fablico objetivo.<br \/>\nIntroducci\u00f3n a las historias.<br \/>\nHistorias destacadas.<br \/>\nIconos para historias.<br \/>\nHistorias animadas para Instagram.<br \/>\nGifs creativos para historias.<br \/>\nStickers y sus usos.<br \/>\nComo hacer lives.<br \/>\nFormatos y medidas de Instagram.<br \/>\nInterfaz para realizar los Reels.<br \/>\nInterfaz de anuncios publicitarios.<br \/>\nComo hacer pautas publicitarias.<\/p>\n<p>M\u00d3DULO 3 &#8211; MATERIAL ADICIONAL (BONOS)<\/p>\n<p>Ayudas did\u00e1cticas para bloqueos mentales.<br \/>\nComo crear el contenido de una semana en 2 horas.<\/p>\n<p>M\u00d3DULO 4 &#8211; VIDEO RESPUESTAS<\/p>\n<p>\u00bfQu\u00e9 tipo de contenido deber\u00eda estar posteando?<br \/>\n\u00bfQu\u00e9 tipo de fotograf\u00edas deber\u00eda publicar m\u00e1s en mi cuenta de Instagram?<br \/>\n\u00bfC\u00f3mo tener una biograf\u00eda magn\u00e9tica que atraiga a mi p\u00fablico ideal?<br \/>\n\u00bfTengo una cuenta en Instagram, pero no s\u00e9 si mi negocio es tradicional o es creativo?<\/p>\n<p>M\u00d3DULO 5 &#8211; \u00bfC\u00d3MO OBTENER TU CERTIFICADO?<\/p>\n<p>\u00bfC\u00f3mo obtener tu certificado?<\/p>\n<p>ACERCA DE LA PRODUCTORA<\/p>\n<p>Desarrollado por PAOLA ANDREA OSORIO, productora audiovisual y comunicadora social con m\u00e1s de 6 a\u00f1os en el mundo del marketing digital, cuenta con experiencia administrando hasta 14 cuentas al mismo tiempo. <\/p>\n<p>Ha tenido el privilegio de estar en creaciones de marca desde cero y tambi\u00e9n es creadora de su propia marca.<\/p>\n","protected":false},"excerpt":{"rendered":"<p>\u00bfIniciaste tu emprendimiento y no est\u00e1s presente en Instagram?<\/p>\n<p>Con el MasterClass INSTAGRAM PARA PRINCIPIANTES, tendr\u00e1s una biograf\u00eda como todo un profesional, desarrollar tu feed de una manera creativa y organizada que logre comunicar de una manera estrat\u00e9gica.<\/p>\n","protected":false},"featured_media":3958,"template":"","meta":{"_joinchat":[]},"product_brand":[],"product_cat":[343,344],"product_tag":[],"class_list":{"0":"post-13711","1":"product","2":"type-product","3":"status-publish","4":"has-post-thumbnail","6":"product_cat-mas-vendidos","7":"product_cat-todos","9":"first","10":"instock","11":"sale","12":"shipping-taxable","13":"product-type-external"},"_links":{"self":[{"href":"https:\/\/cursos.talentup.cl\/index.php?rest_route=\/wp\/v2\/product\/13711","targetHints":{"allow":["GET"]}}],"collection":[{"href":"https:\/\/cursos.talentup.cl\/index.php?rest_route=\/wp\/v2\/product"}],"about":[{"href":"https:\/\/cursos.talentup.cl\/index.php?rest_route=\/wp\/v2\/types\/product"}],"version-history":[{"count":1,"href":"https:\/\/cursos.talentup.cl\/index.php?rest_route=\/wp\/v2\/product\/13711\/revisions"}],"predecessor-version":[{"id":14529,"href":"https:\/\/cursos.talentup.cl\/index.php?rest_route=\/wp\/v2\/product\/13711\/revisions\/14529"}],"wp:featuredmedia":[{"embeddable":true,"href":"https:\/\/cursos.talentup.cl\/index.php?rest_route=\/wp\/v2\/media\/3958"}],"wp:attachment":[{"href":"https:\/\/cursos.talentup.cl\/index.php?rest_route=%2Fwp%2Fv2%2Fmedia&parent=13711"}],"wp:term":[{"taxonomy":"product_brand","embeddable":true,"href":"https:\/\/cursos.talentup.cl\/index.php?rest_route=%2Fwp%2Fv2%2Fproduct_brand&post=13711"},{"taxonomy":"product_cat","embeddable":true,"href":"https:\/\/cursos.talentup.cl\/index.php?rest_route=%2Fwp%2Fv2%2Fproduct_cat&post=13711"},{"taxonomy":"product_tag","embeddable":true,"href":"https:\/\/cursos.talentup.cl\/index.php?rest_route=%2Fwp%2Fv2%2Fproduct_tag&post=13711"}],"curies":[{"name":"wp","href":"https:\/\/api.w.org\/{rel}","templated":true}]}}