{"id":13713,"date":"2023-01-10T04:46:40","date_gmt":"2023-01-10T07:46:40","guid":{"rendered":"https:\/\/cursos.talentup.cl\/producto\/limpieza-facial-profunda-2\/"},"modified":"2024-02-07T23:37:48","modified_gmt":"2024-02-08T02:37:48","slug":"limpieza-facial-profunda-2","status":"publish","type":"product","link":"https:\/\/cursos.talentup.cl\/?product=limpieza-facial-profunda-2","title":{"rendered":"LIMPIEZA FACIAL PROFUNDA"},"content":{"rendered":"<p>\u00bfSab\u00edas que la Limpieza Hydrafacial es la t\u00e9cnica m\u00e1s efectiva para lucir un rostro perfecto y rejuvenecido?<\/p>\n<p>Con el MasterClass LIMPIEZA FACIAL PROFUNDA, realizar\u00e1s Paso a Paso las \u00faltimas t\u00e9cnicas del cuidado facial, creando un negocio rentable.\t<\/p>\n<p>\u00bfQU\u00c9 VAS A LOGRAR?<\/p>\n<p>Aprender\u00e1s de manera pr\u00e1ctica, todo el paso a paso para lograr una limpieza facial profunda con excelentes resultados desde la primera sesi\u00f3n.<\/p>\n<p>Te volver\u00e1s una experta en todos los conceptos relacionados a la limpieza facial profunda.<\/p>\n<p>Aprender\u00e1s lo necesario para garantizar que tus limpiezas tengan los resultados esperados para tus pacientes.<\/p>\n<p>Tendr\u00e1s un negocio rentable y duradero ya que todas las personas solicitaran tus servicios.<\/p>\n<p>Acceder\u00e1s al certificado avalado por Hotmart y Seminarios Online.<\/p>\n<p>\u00bfC\u00d3MO LO VAS A LOGRAR?<\/p>\n<p>A trav\u00e9s del siguiente contenido, estructurado paso a paso:<\/p>\n<p>M\u00d3DULO 1- BIENVENIDA<\/p>\n<p>Bienvenida al curso.<\/p>\n<p>M\u00d3DULO 2 &#8211; CONOCE LOS IMPLEMENTOS<\/p>\n<p>Vapor ozono.<br \/>\nPala ultras\u00f3nica.<br \/>\nSpray.<br \/>\nMaquina hydrafacial y el manzo.<br \/>\nPunta diamante.<br \/>\nRadiofrecuencia.<br \/>\nMicrodermoabrasi\u00f3n.<br \/>\nIonizador.<br \/>\nCabezal ultras\u00f3nico.<br \/>\nCabezal terapia en fr\u00eda.<br \/>\nCabezal el\u00e9ctrico.<br \/>\nMascara.<br \/>\nFinal de implementos.<\/p>\n<p>M\u00d3DULO 3 &#8211; INTRODUCCI\u00d3N PARA INICIAR UNA LIMPIEZA FACIAL PROFUNDA<\/p>\n<p>Introducci\u00f3n.<\/p>\n<p>M\u00d3DULO 4 &#8211; PASO A PASO PARA TU PRIMERA LIMPIEZA FACIAL PROFUNDA<\/p>\n<p>Paso 1 &#8211; Inicio de limpieza facial profunda<br \/>\nPaso 2 &#8211; Exfoliaci\u00f3n.<br \/>\nPaso 3 &#8211; Abrir poros con papa\u00edna y vapor.<br \/>\nPaso 4 &#8211; Extracci\u00f3n.<br \/>\nPaso 5 &#8211; Extraer impurezas o espinillas peque\u00f1as.<br \/>\nPaso 6 \u2013 Microdermoabrasi\u00f3n.<br \/>\nPaso 7 \u2013 Alta frecuencia.<br \/>\nPaso 8 \u2013 Dermopulido.<br \/>\nPaso 9 &#8211; Ionizador con gel conductor.<br \/>\nPaso 10 &#8211; Manzo hidrataci\u00f3n.<br \/>\nPaso 11 &#8211; Mascarilla de lodo rojo.<br \/>\nPaso 12 &#8211; Bloqueador hidratante.<br \/>\nFinal de limpieza facial profunda.<\/p>\n<p>M\u00d3DULO 5 &#8211; INTRODUCCI\u00d3N A UNA LIMPIEZA FACIAL PROFUNDA<\/p>\n<p>Introducci\u00f3n a hidrataci\u00f3n facial<\/p>\n<p>M\u00d3DULO 6 &#8211; PASO A PASO PARA REALIZAR LA LIMPIEZA FACIAL PROFUNDA<\/p>\n<p>Paso 1 &#8211; Limpiadora espuma.<br \/>\nPaso 2 &#8211; Exfoliaci\u00f3n.<br \/>\nPaso 3 &#8211; Abrir poros.<br \/>\nPaso 4 &#8211; Microdermoabrasi\u00f3n.<br \/>\nPaso 5 &#8211; Aplicar t\u00f3nico y masaje.<br \/>\nPaso 6 &#8211; Alta frecuencia.<br \/>\nPaso 7 &#8211; Gel conductor para radiofrecuencia.<br \/>\nPaso 8 &#8211; Manzo.<br \/>\nPaso 9 &#8211; Mascarilla de lodo.<br \/>\nFinal hidrataci\u00f3n facial.<\/p>\n<p>M\u00d3DULO 7 &#8211; LIMPIEZA FACIAL PROFUNDA PARA PIEL SENSIBLE<\/p>\n<p>Extracci\u00f3n para piel delgada.<br \/>\nMicrodermoabrasi\u00f3n nivel 1 &#8211; Piel sensible.<br \/>\nMicrodermoabrasi\u00f3n profunda.<br \/>\nEstimulador.<br \/>\nAlta frecuencia para piel sensible.<br \/>\nPeeling.<br \/>\nCromo e infrarrojo para piel sensible.<br \/>\nHidratante.<br \/>\nMascara led para piel sensible.<\/p>\n<p>M\u00d3DULO 8 \u2013 MATERIAL ADICIONAL (BONOS)<\/p>\n<p>Bono 1: Mascarilla para hidratar, secar granos y rejuvenecer la piel.<br \/>\nBono 2: Mascarilla de arcilla definida.<\/p>\n<p>M\u00d3DULO 9 &#8211; VIDEO RESPUESTAS<\/p>\n<p>\u00bfQu\u00e9 nos puedes recomendar para crecer nuestro negocio?<br \/>\n\u00bfQu\u00e9 son impurezas y toxinas en la piel?<\/p>\n<p>M\u00d3DULO 10 &#8211; \u00bfC\u00d3MO OBTENER TU CERTIFICADO?<\/p>\n<p>\u00bfC\u00f3mo obtener tu certificado?<\/p>\n<p>ACERCA DE LA PRODUCTORA<\/p>\n<p>Desarrollado por CATALINA RODR\u00cdGUEZ, experta certificada y profesional en cosmetolog\u00eda integral, con m\u00e1s de 5 a\u00f1os de experiencia en la industria de cuidados faciales, con reconocimientos a nivel nacional. <\/p>\n<p>Actualmente tiene su propio negocio donde brinda sus servicios de spa y tratamientos faciales.<\/p>\n","protected":false},"excerpt":{"rendered":"<p>\u00bfSab\u00edas que la Limpieza Hydrafacial es la t\u00e9cnica m\u00e1s efectiva para lucir un rostro perfecto y rejuvenecido?<\/p>\n<p>Con el MasterClass LIMPIEZA FACIAL PROFUNDA, realizar\u00e1s Paso a Paso las \u00faltimas t\u00e9cnicas del cuidado facial, creando un negocio rentable.\t<\/p>\n","protected":false},"featured_media":3961,"template":"","meta":{"_joinchat":[]},"product_brand":[],"product_cat":[343,344],"product_tag":[],"class_list":{"0":"post-13713","1":"product","2":"type-product","3":"status-publish","4":"has-post-thumbnail","6":"product_cat-mas-vendidos","7":"product_cat-todos","9":"first","10":"instock","11":"sale","12":"shipping-taxable","13":"product-type-external"},"_links":{"self":[{"href":"https:\/\/cursos.talentup.cl\/index.php?rest_route=\/wp\/v2\/product\/13713","targetHints":{"allow":["GET"]}}],"collection":[{"href":"https:\/\/cursos.talentup.cl\/index.php?rest_route=\/wp\/v2\/product"}],"about":[{"href":"https:\/\/cursos.talentup.cl\/index.php?rest_route=\/wp\/v2\/types\/product"}],"version-history":[{"count":1,"href":"https:\/\/cursos.talentup.cl\/index.php?rest_route=\/wp\/v2\/product\/13713\/revisions"}],"predecessor-version":[{"id":14532,"href":"https:\/\/cursos.talentup.cl\/index.php?rest_route=\/wp\/v2\/product\/13713\/revisions\/14532"}],"wp:featuredmedia":[{"embeddable":true,"href":"https:\/\/cursos.talentup.cl\/index.php?rest_route=\/wp\/v2\/media\/3961"}],"wp:attachment":[{"href":"https:\/\/cursos.talentup.cl\/index.php?rest_route=%2Fwp%2Fv2%2Fmedia&parent=13713"}],"wp:term":[{"taxonomy":"product_brand","embeddable":true,"href":"https:\/\/cursos.talentup.cl\/index.php?rest_route=%2Fwp%2Fv2%2Fproduct_brand&post=13713"},{"taxonomy":"product_cat","embeddable":true,"href":"https:\/\/cursos.talentup.cl\/index.php?rest_route=%2Fwp%2Fv2%2Fproduct_cat&post=13713"},{"taxonomy":"product_tag","embeddable":true,"href":"https:\/\/cursos.talentup.cl\/index.php?rest_route=%2Fwp%2Fv2%2Fproduct_tag&post=13713"}],"curies":[{"name":"wp","href":"https:\/\/api.w.org\/{rel}","templated":true}]}}