{"id":13716,"date":"2023-01-10T04:46:40","date_gmt":"2023-01-10T07:46:40","guid":{"rendered":"https:\/\/cursos.talentup.cl\/producto\/el-arte-de-emprender-con-masmelos-irresistibles-2\/"},"modified":"2024-02-07T23:37:48","modified_gmt":"2024-02-08T02:37:48","slug":"el-arte-de-emprender-con-masmelos-irresistibles-2","status":"publish","type":"product","link":"https:\/\/cursos.talentup.cl\/?product=el-arte-de-emprender-con-masmelos-irresistibles-2","title":{"rendered":"EL ARTE DE EMPRENDER CON MASMELOS IRRESISTIBLES"},"content":{"rendered":"<p>\u00abSin duda, el negocio de los masmelos es uno de los m\u00e1s innovadores en la industria de la pasteler\u00eda.<\/p>\n<p>Con el MasterClass EL ARTE DE EMPRENDER CON MASMELOS IRRESISTIBLES, conoce un programa donde aprendes a hacer deliciosas recetas con las m\u00e1s incre\u00edbles figuras.<\/p>\n<p>Conoce los ingredientes, las decoraciones y las texturas para que tengas un negocio con muy buenas utilidades.<\/p>\n<p>Sorprende a clientes e invitados y genera altos ingresos.<\/p>\n<p>\u00bfQU\u00c9 VAS A LOGRAR?<\/p>\n<p>Tendr\u00e1s una fuente de ingreso segura para toda la vida.<\/p>\n<p>Obtendr\u00e1s un claro conocimiento sobre la preparaci\u00f3n de los masmelos.<\/p>\n<p>Conocer\u00e1s c\u00f3mo prepararte a ti mismo para la realizaci\u00f3n de este bello arte.<\/p>\n<p>Aprender\u00e1s como realizar la optimizaci\u00f3n del producto y as\u00ed no desperdiciar material.<\/p>\n<p>Aprender\u00e1s cu\u00e1l es la mejor forma de organizar los implementos de trabajo para cuidar siempre de tu espacio.<\/p>\n<p>Conocer\u00e1s seg\u00fan el tipo de trabajo con masmelos que vaya a hacer cu\u00e1l es la selecci\u00f3n de herramientas adecuada.<\/p>\n<p>Conocer\u00e1s de la manera m\u00e1s de detallada sobre el tipo de ingrediente que debes utilizar en las preparaciones.<\/p>\n<p>Acceder\u00e1s al certificado avalado por Hotmart y Seminarios Online.\t<\/p>\n<p>\u00bfC\u00d3MO LO VAS A LOGRAR?<\/p>\n<p>A trav\u00e9s del siguiente contenido, estructurado paso a paso:<\/p>\n<p>M\u00f3dulo 1. MASMELOS IRRESISTIBLES<\/p>\n<p>Video 1. Bienvenidos.<br \/>\nVideo 2. Presentaci\u00f3n.<br \/>\nVideo 3. Conocimiento de los masmelos.<br \/>\nVideo 4. Armado de figuras de masmelo.<br \/>\nVideo 5. Materiales conejita.<br \/>\nVideo 6. Materiales viejitos.<br \/>\nVideo 7. Materiales osito.<br \/>\nVideo 8. Materiales sapito.<br \/>\nVideo 9. Materiales unicornio.<br \/>\nVideo 10. Materiales mu\u00f1eca.<br \/>\nVideo 11. Materiales perrito.<br \/>\nVideo 11.1. Tips.<br \/>\nVideo 12. Ensamble conejita.<br \/>\nVideo 13. Ensamble viejitos.<br \/>\nVideo 14. Ensamble osito.<br \/>\nVideo 15. Ensamble sapito.<br \/>\nVideo 16. Ensamble unicornio.<br \/>\nVideo 17. Ensamble mu\u00f1eca.<br \/>\nVideo 18. Ensamble perrito.<br \/>\nVideo 18.1 Tips.<br \/>\nVideo 19. Decoraci\u00f3n conejita.<br \/>\nVideo 20. Decoraci\u00f3n viejitos.<br \/>\nVideo 21. Decoraci\u00f3n osito.<br \/>\nVideo 22. Decoraci\u00f3n sapito.<br \/>\nVideo 23. Decoraci\u00f3n unicornio.<br \/>\nVideo 24. Decoraci\u00f3n mu\u00f1eca.<br \/>\nVideo 25. Decoraci\u00f3n perrito.<br \/>\nVideo 26. Masmelo sobre galleta.<br \/>\nVideo 27. Armado cerdita.<br \/>\nVideo 28. Armado osito.<br \/>\nVideo 29. Armado pollito.<br \/>\nVideo 30. Armado jirafa.<br \/>\nVideo 30.1. Tips.<br \/>\nVideo 31. Pegamento comestible.<br \/>\nVideo 32. Elefante sobre galleta.<br \/>\nVideo 33. Cerdita sobre galleta.<br \/>\nVideo 34. Jirafa sobre galleta.<br \/>\nVideo 35. Osito sobre galleta.<br \/>\nVideo 36. Pollito sobre galleta.<br \/>\nVideo 37. Receta royal icing teor\u00eda.<br \/>\nVideo 38. Royal Icing preparaci\u00f3n.<br \/>\nVideo 39. Receta royal icing.<br \/>\nVideo 39.1. Tips.<br \/>\nVideo 40. Texturas royal icing.<br \/>\nVideo 40.1. Tips.<br \/>\nVideo 41. Galleta base para masmelos.<br \/>\nVideo 42. Masmelo sobre galleta.<br \/>\nVideo 43. Polvo dorado.<br \/>\nVideo 44. Colorantes.<br \/>\nVideo 44.1. Tips.<br \/>\nVideo 45. Mangas y acoples.<br \/>\nVideo 46. Mo\u00f1o grande.<br \/>\nVideo 47. Ancheta con mu\u00f1eco de masmelo.<br \/>\nVideo 48. Materiales caja de regalo.<br \/>\nVideo 49. Caja de regalo.<br \/>\nVideo 50. Decoraci\u00f3n con masmelo.<br \/>\nVideo 51. Mo\u00f1o en cinta con tenedor.<\/p>\n<p>M\u00f3dulo 2. ESPECIAL DE NAVIDAD<\/p>\n<p>V\u00eddeo 1. Dulces mu\u00f1ecos navide\u00f1os.<br \/>\nVideo 2. Decoraci\u00f3n galleta navide\u00f1a.<br \/>\nVideo 3. Mu\u00f1eco duende.<br \/>\nV\u00eddeo 4. Mu\u00f1eco reno.<br \/>\nV\u00eddeo 5. Mu\u00f1eco papa noel.<br \/>\nV\u00eddeo 6. Figura de galletica.<br \/>\nV\u00eddeo 7. Mu\u00f1eco de nieve.<br \/>\nVideo 8. Letras de navidad.<\/p>\n<p>M\u00f3dulo 3. BONOS<\/p>\n<p>Bono 1: Decoraci\u00f3n de chocotarjeta.<br \/>\nBono 2: Decoraci\u00f3n galleta ni\u00f1a.<br \/>\nBono 3: Decoraci\u00f3n galleta unicornio.<br \/>\nBono 4: Glaseado de galleta.<br \/>\nBono 5: Glaseado sobre glaseado. <\/p>\n<p>M\u00f3dulo 4. VIDEO RESPUESTAS<\/p>\n<p>Introducci\u00f3n a los videos respuestas.<br \/>\n\u00bfD\u00f3nde puedo conseguir los materiales?<br \/>\n\u00bfC\u00f3mo puedo sustituir el CMC?<br \/>\n\u00bfCu\u00e1l es la duraci\u00f3n de una figura ya terminada?<br \/>\n\u00bfD\u00f3nde puedo guardar el royal icing que me queda?<br \/>\n\u00bfQu\u00e9 colorantes son recomendados para pintar el royal icing?<br \/>\n\u00bfHay alguna marca de az\u00facar especial para el royal icing?<br \/>\n\u00bfSe puede preparar el royal icing con claras de huevo?<br \/>\n\u00bfQu\u00e9 valor en d\u00f3lares le puedo poner a una figura ya finalizada?<br \/>\n\u00bfCu\u00e1nto tiempo se recomienda dejar secar los bombones?<br \/>\n\u00bfPuedo utilizar el palito de madera para pegar las manitos?<\/p>\n<p>ACERCA DE LA PRODUCTORA<\/p>\n<p>Desarrollado por JAZM\u00cdN MONCADA CANO, Profesional en el \u00e1rea de Pasteler\u00eda y Reposter\u00eda con m\u00e1s de 10 a\u00f1os de experiencia trabajando en el negocio con sus padres.<\/p>\n<p>Hace 6 a\u00f1os es propietaria y fundadora de Jazm\u00edn Moncada Pasteler\u00eda Creativa.<\/p>\n<p>Jazm\u00edn es amante de este arte y es una apasionada por la creaci\u00f3n de nuevas ideas e innovaciones.<\/p>\n<p>Certificada por LK Mej\u00eda escuela de Reposter\u00eda, Fleischmann calidad y servicio y EFE Escuela de Formaci\u00f3n Empresarial, con garant\u00edas de satisfacci\u00f3n por miles de clientes al cumplir sus exceptivas con los productos solicitados.\u00bb<\/p>\n","protected":false},"excerpt":{"rendered":"<p>\u00abSin duda, el negocio de los masmelos es uno de los m\u00e1s innovadores en la industria de la pasteler\u00eda.<\/p>\n<p>Con el MasterClass EL ARTE DE EMPRENDER CON MASMELOS IRRESISTIBLES, conoce un programa donde aprendes a hacer deliciosas recetas con las m\u00e1s incre\u00edbles figuras.<\/p>\n<p>Conoce los ingredientes, las decoraciones y las texturas para que tengas un negocio con muy buenas utilidades.<\/p>\n<p>Sorprende a clientes e invitados y genera altos ingresos.\u00bb<\/p>\n","protected":false},"featured_media":3964,"template":"","meta":{"_joinchat":[]},"product_brand":[],"product_cat":[343,344],"product_tag":[],"class_list":{"0":"post-13716","1":"product","2":"type-product","3":"status-publish","4":"has-post-thumbnail","6":"product_cat-mas-vendidos","7":"product_cat-todos","9":"first","10":"instock","11":"sale","12":"shipping-taxable","13":"product-type-external"},"_links":{"self":[{"href":"https:\/\/cursos.talentup.cl\/index.php?rest_route=\/wp\/v2\/product\/13716","targetHints":{"allow":["GET"]}}],"collection":[{"href":"https:\/\/cursos.talentup.cl\/index.php?rest_route=\/wp\/v2\/product"}],"about":[{"href":"https:\/\/cursos.talentup.cl\/index.php?rest_route=\/wp\/v2\/types\/product"}],"version-history":[{"count":1,"href":"https:\/\/cursos.talentup.cl\/index.php?rest_route=\/wp\/v2\/product\/13716\/revisions"}],"predecessor-version":[{"id":14535,"href":"https:\/\/cursos.talentup.cl\/index.php?rest_route=\/wp\/v2\/product\/13716\/revisions\/14535"}],"wp:featuredmedia":[{"embeddable":true,"href":"https:\/\/cursos.talentup.cl\/index.php?rest_route=\/wp\/v2\/media\/3964"}],"wp:attachment":[{"href":"https:\/\/cursos.talentup.cl\/index.php?rest_route=%2Fwp%2Fv2%2Fmedia&parent=13716"}],"wp:term":[{"taxonomy":"product_brand","embeddable":true,"href":"https:\/\/cursos.talentup.cl\/index.php?rest_route=%2Fwp%2Fv2%2Fproduct_brand&post=13716"},{"taxonomy":"product_cat","embeddable":true,"href":"https:\/\/cursos.talentup.cl\/index.php?rest_route=%2Fwp%2Fv2%2Fproduct_cat&post=13716"},{"taxonomy":"product_tag","embeddable":true,"href":"https:\/\/cursos.talentup.cl\/index.php?rest_route=%2Fwp%2Fv2%2Fproduct_tag&post=13716"}],"curies":[{"name":"wp","href":"https:\/\/api.w.org\/{rel}","templated":true}]}}