{"id":13720,"date":"2023-01-10T04:46:40","date_gmt":"2023-01-10T07:46:40","guid":{"rendered":"https:\/\/cursos.talentup.cl\/producto\/experta-en-extensiones-de-cabello-2\/"},"modified":"2024-02-07T23:37:48","modified_gmt":"2024-02-08T02:37:48","slug":"experta-en-extensiones-de-cabello-2","status":"publish","type":"product","link":"https:\/\/cursos.talentup.cl\/?product=experta-en-extensiones-de-cabello-2","title":{"rendered":"EXPERTA EN EXTENSIONES DE CABELLO"},"content":{"rendered":"<p>\u00bfTe gustar\u00eda aprender a poner extensiones de cabello?<\/p>\n<p>Con el masterclass EXPERTA EN EXTENSIONES DE CABELLO aprender\u00e1s a crear peinados con texturas y estilos que de otro modo no se podr\u00edan hacer con el cabello natural.<\/p>\n<p>\u00bfQU\u00c9 VAS A LOGRAR?<\/p>\n<p>Aprender\u00e1s desde cero c\u00f3mo hacer las trenzas de una forma muy simple. <\/p>\n<p>Aprender\u00e1s los diferentes tipos de texturas y largos. <\/p>\n<p>Aprender\u00e1s d\u00f3nde conseguir los materiales de apoyo. <\/p>\n<p>Aprender\u00e1s diferentes tipos de posturas. <\/p>\n<p>Aprender\u00e1s a recomendar el tipo de postura que le ir\u00eda seg\u00fan la necesidad de tu cliente. <\/p>\n<p>Te dir\u00e9 d\u00f3nde comprar las extensiones para que las vendas a tus clientes y colegas.<\/p>\n<p>Acceder\u00e1s al certificado avalado por Hotmart y Seminarios Online.<\/p>\n<p>\u00bfC\u00d3MO LO VAS A LOGRAR?<\/p>\n<p>A trav\u00e9s del siguiente contenido, estructurado paso a paso:<\/p>\n<p>VIDEO 1: Introducci\u00f3n &#8211; bienvenida y presentaci\u00f3n.<\/p>\n<p>VIDEO 2: Herramientas principales.<\/p>\n<p>VIDEO 3: M\u00e9todo clip \u2013 introducci\u00f3n.<\/p>\n<p>VIDEO 4: Alistamiento de extensiones.<\/p>\n<p>VIDEO 5: M\u00e9todo Clip &#8211; Postura.<\/p>\n<p>VIDEO 6: M\u00e9todo Tape \u2013 Introducci\u00f3n.<\/p>\n<p>VIDEO 7: M\u00e9todo Tape \u2013 Postura.<\/p>\n<p>VIDEO 8: M\u00e9todo Trenza &#8211; Introducci\u00f3n.<\/p>\n<p>VIDEO 9: C\u00f3mo hacer la trenza.<\/p>\n<p>VIDEO 10: Explicaci\u00f3n postura de extensiones en cortina.<\/p>\n<p>VIDEO 11: Preparaci\u00f3n de extensiones por capas.<\/p>\n<p>VIDEO 12: Postura de extensiones por capas.<\/p>\n<p>VIDEO 13: Postura de extensiones por capas \u2013 parte 2.<\/p>\n<p>VIDEO 14: M\u00e9todo trenzado \u2013 introducci\u00f3n.<\/p>\n<p>VIDEO 15: M\u00e9todo trenzado postura \u2013 parte 1.<\/p>\n<p>VIDEO 16: M\u00e9todo postura \u2013 parte 2.<\/p>\n<p>VIDEO 17: M\u00e9todo trenzado postura \u2013 parte 3.<\/p>\n<p>VIDEO 18: M\u00e9todo trenzado postura \u2013 parte 4.<\/p>\n<p>VIDEO 19: M\u00e9todo trenzado media cabeza vertical \u2013 introducci\u00f3n.<\/p>\n<p>VIDEO 20: M\u00e9todo trenzado media cabeza vertical \u2013 alistamiento.<\/p>\n<p>VIDEO 21: M\u00e9todo trenzado media cabeza vertical \u2013 postura.<\/p>\n<p>VIDEO 22: M\u00e9todo trenzado media cabeza vertical \u2013 postura 2.<\/p>\n<p>VIDEO 23: M\u00e9todo trenzado media cabeza horizontal \u2013 introducci\u00f3n.<\/p>\n<p>VIDEO 24: M\u00e9todo trenzado media cabeza horizontal \u2013 postura.<\/p>\n<p>VIDEO 25: M\u00e9todo tipo peluca \u2013 introducci\u00f3n.<\/p>\n<p>VIDEO 26: M\u00e9todo tipo peluca \u2013 postura.<\/p>\n<p>VIDEO 27: M\u00e9todo tipo peluca &#8211; postura parte 2.<\/p>\n<p>VIDEO 28: M\u00e9todo tipo peluca \u2013 postura parte 3.<\/p>\n<p>VIDEO 29: M\u00e9todo suizo -introducci\u00f3n.<\/p>\n<p>VIDEO 30: M\u00e9todo suizo &#8211; postura.<\/p>\n<p>VIDEO 31: Bono 1 \u2013 m\u00e9todo cosido en puntos &#8211; introducci\u00f3n.<\/p>\n<p>VIDEO 32: Bono 1 \u2013 m\u00e9todo cosido en puntos &#8211; postura.<\/p>\n<p>VIDEO 33: Bono 2 \u2013 m\u00e9todo cosido pegado &#8211; introducci\u00f3n.<\/p>\n<p>VIDEO 34: Bono 2 \u2013 m\u00e9todo cosido pegado \u2013 postura.<\/p>\n<p>VIDEO 35: Bono 2 \u2013 m\u00e9todo cosido pegado \u2013 postura parte 2.<\/p>\n<p>ACERCA DEL PRODUCTOR<\/p>\n<p>Desarrollado por ELIZABETH MATEO, estilista profesional con m\u00e1s de 20 a\u00f1os de experiencia en el \u00e1rea de la belleza con 5 maestr\u00edas hechas en la internacional pivon point academy, ceo del Centro de Belleza Elizabeth.<\/p>\n<p>Las extensiones de cabello le han permitido generar muchas ganancias en la postura y en las ventas, ha tenido la oportunidad de trabajar con personas del medio art\u00edstico ya que esta profesi\u00f3n nos permite crear fama y m\u00e1s cuando lo hacemos con AMOR y de una forma muy profesional.<\/p>\n<p>Todos estos conocimientos los pone a tu disposici\u00f3n para que t\u00fa tambi\u00e9n puedas implementar en tu negocio las extensiones o, emprender el tuyo si a\u00fan no lo tienes. <\/p>\n","protected":false},"excerpt":{"rendered":"<p>\u00bfTe gustar\u00eda aprender a poner extensiones de cabello?<\/p>\n<p>Con el masterclass EXPERTA EN EXTENSIONES DE CABELLO aprender\u00e1s a crear peinados con texturas y estilos que de otro modo no se podr\u00edan hacer con el cabello natural.<\/p>\n","protected":false},"featured_media":3970,"template":"","meta":{"_joinchat":[]},"product_brand":[],"product_cat":[343,344],"product_tag":[],"class_list":{"0":"post-13720","1":"product","2":"type-product","3":"status-publish","4":"has-post-thumbnail","6":"product_cat-mas-vendidos","7":"product_cat-todos","9":"first","10":"instock","11":"sale","12":"shipping-taxable","13":"product-type-external"},"_links":{"self":[{"href":"https:\/\/cursos.talentup.cl\/index.php?rest_route=\/wp\/v2\/product\/13720","targetHints":{"allow":["GET"]}}],"collection":[{"href":"https:\/\/cursos.talentup.cl\/index.php?rest_route=\/wp\/v2\/product"}],"about":[{"href":"https:\/\/cursos.talentup.cl\/index.php?rest_route=\/wp\/v2\/types\/product"}],"version-history":[{"count":1,"href":"https:\/\/cursos.talentup.cl\/index.php?rest_route=\/wp\/v2\/product\/13720\/revisions"}],"predecessor-version":[{"id":14541,"href":"https:\/\/cursos.talentup.cl\/index.php?rest_route=\/wp\/v2\/product\/13720\/revisions\/14541"}],"wp:featuredmedia":[{"embeddable":true,"href":"https:\/\/cursos.talentup.cl\/index.php?rest_route=\/wp\/v2\/media\/3970"}],"wp:attachment":[{"href":"https:\/\/cursos.talentup.cl\/index.php?rest_route=%2Fwp%2Fv2%2Fmedia&parent=13720"}],"wp:term":[{"taxonomy":"product_brand","embeddable":true,"href":"https:\/\/cursos.talentup.cl\/index.php?rest_route=%2Fwp%2Fv2%2Fproduct_brand&post=13720"},{"taxonomy":"product_cat","embeddable":true,"href":"https:\/\/cursos.talentup.cl\/index.php?rest_route=%2Fwp%2Fv2%2Fproduct_cat&post=13720"},{"taxonomy":"product_tag","embeddable":true,"href":"https:\/\/cursos.talentup.cl\/index.php?rest_route=%2Fwp%2Fv2%2Fproduct_tag&post=13720"}],"curies":[{"name":"wp","href":"https:\/\/api.w.org\/{rel}","templated":true}]}}