{"id":13724,"date":"2023-01-10T04:46:41","date_gmt":"2023-01-10T07:46:41","guid":{"rendered":"https:\/\/cursos.talentup.cl\/producto\/neuroaprendizaje-de-ingles-witix-2\/"},"modified":"2024-02-07T23:37:51","modified_gmt":"2024-02-08T02:37:51","slug":"neuroaprendizaje-de-ingles-witix-2","status":"publish","type":"product","link":"https:\/\/cursos.talentup.cl\/?product=neuroaprendizaje-de-ingles-witix-2","title":{"rendered":"NEUROAPRENDIZAJE DE INGL\u00c9S WITIX"},"content":{"rendered":"<p>\u00a1Aprende ingl\u00e9s en tiempo record! con t\u00e9cnicas cient\u00edficamente comprobadas.<\/p>\n<p>Si no pronuncias bien las palabras o eres de los que dicen: \u201clo entiendo, pero no lo hablo\u201d o \u201clo leo pero no lo escribo\u201d mmm te recomiendo el MasterClass NEUROAPRENDIZAJE DE INGL\u00c9S, con METODOLOG\u00cdA WITIX. <\/p>\n<p>Aprende a instalar correctamente estructuras del ingl\u00e9s en tu cerebro y desarrolla tu habilidad mental para comunicarte correctamente.<\/p>\n<p>Domina esta lengua que el mundo de hoy te exige a gritos y no dejes que ella te domine a ti.<\/p>\n<p>\u00bfQU\u00c9 VAS A LOGRAR?<\/p>\n<p>Instalar\u00e1s las estructuras del idioma en tu cerebro. Esto quiere decir que aparte de aprender r\u00e1pidamente c\u00f3mo funcionan, podr\u00e1s integrarlas a tus procesos de pensamiento, lo que te ayudar\u00e1 a usarlas en la vida real, de manera pr\u00e1ctica, similar al proceso que usas para hablar el espa\u00f1ol.<\/p>\n<p>Reducir\u00e1s tus miedos para hablar el idioma.<\/p>\n<p>Aprender\u00e1s a una velocidad 10 veces m\u00e1s r\u00e1pido que con los m\u00e9todos tradicionales.<\/p>\n<p>Desarrollar\u00e1s mayor habilidad mental para comunicar.<\/p>\n<p>Aprender\u00e1s todas las bases del ingl\u00e9s para que puedas comunicar cualquier cosa que desees.<\/p>\n<p>Aprender\u00e1s jugando, as\u00ed lo sentir\u00e1s, pues todo lo que en el pasado fue dif\u00edcil de entender, aqu\u00ed te quedar\u00e1s pasmado o pasmada de lo f\u00e1cil que ser\u00e1.<\/p>\n<p>Aprender\u00e1s toda la gram\u00e1tica del ingl\u00e9s de manera muy pr\u00e1ctica, sin los t\u00e9rminos complejos y enredados como: Presente perfecto, pasado simple, pasado continuo, futuro progresivo, etc.<\/p>\n<p>Conocer\u00e1s la t\u00e9cnica demostrativa. Con esta t\u00e9cnica tendr\u00e1s un est\u00edmulo visual, auditivo y t\u00e1ctil. Te ayuda a organizar las ideas m\u00e1s r\u00e1pidamente en tu cerebro.<\/p>\n<p>Acceder\u00e1s al certificado avalado por Hotmart y Seminarios Online.<\/p>\n<p>\u00bfC\u00d3MO LO VAS A LOGRAR?<\/p>\n<p>En las lecciones aprender\u00e1s:<\/p>\n<p>C\u00f3mo usar verbos en infinitivo (verbos con terminaci\u00f3n ar, er, ir)<br \/>\nC\u00f3mo usar el \u201cto be\u201d.<br \/>\nConjugaciones del \u201cto be\u201d.<br \/>\nF\u00f3rmula para afirmar, preguntar y negar.<br \/>\nVerbos modales (Can, could, should, must, may, might)<br \/>\nAuxiliares (Do, does, did, will, would)<br \/>\nUso del \u201cing\u201d.<br \/>\nVerbos regulares e irregulares<br \/>\nUso del verbo \u201chave\u201d en sus diferentes funciones.<br \/>\nUso del \u201chow\u201d<br \/>\nPalabras de pregunta con \u201cw\u201d.<br \/>\nUso del \u201cthere is\u201d, \u201cthere are\u201d, \u201cthere was\u201d y \u201cthere were\u201d.<br \/>\nPronombres objetivos.<br \/>\nPronombres posesivos.<br \/>\nPronombres reflexivos.<br \/>\nIndicar posesi\u00f3n con nombres.<br \/>\nComparativos.<br \/>\nSuperlativos.<br \/>\nCrear sustantivos a partir de verbos (Correr-corredor, jugar-jugador, trabajar-trabajador)<br \/>\nUso del \u201clet\u201d y \u201clet\u2019s\u201d.<br \/>\nEl \u201csi\u201d condicional.<br \/>\nVoz pasiva.<br \/>\nExpresiones formales.<br \/>\nN\u00fameros cardinales.<br \/>\nN\u00fameros ordinales.<br \/>\nC\u00f3mo pronunciar algunas combinaciones de letras.<br \/>\n\u201cDo\u201d como verbo.<br \/>\nUso del \u201cgoing to\u201d.<\/p>\n<p>ACERCA DEL PRODUCTOR<\/p>\n<p>Desarrollado por JULIO MART\u00cdNEZ, artista y profesor de ingl\u00e9s durante m\u00e1s de 15 a\u00f1os. <\/p>\n<p>Creador del \u201cM\u00e9todo Leyva\u201d para aprender ingl\u00e9s, con el cual ha ense\u00f1ado a estudiantes en pa\u00edses como Colombia (Cali, Armenia, Popayan, Bogot\u00e1) Argentina (Buenos aires), Brasil (Sao Pablo) Inglaterra (Londres) y estados unidos (Texas, New York, Miami y Saint Louis). <\/p>\n<p>Reconocido por el Tecnoparque Sena de Cali-Colombia por su aporte al desarrollo social y la innovaci\u00f3n a trav\u00e9s de su m\u00e9todo. <\/p>\n","protected":false},"excerpt":{"rendered":"<p>\u00a1Aprende ingl\u00e9s en tiempo record! con t\u00e9cnicas cient\u00edficamente comprobadas.<\/p>\n<p>Si no pronuncias bien las palabras o eres de los que dicen: \u201clo entiendo, pero no lo hablo\u201d o \u201clo leo pero no lo escribo\u201d mmm te recomiendo el MasterClass NEUROAPRENDIZAJE DE INGL\u00c9S, con METODOLOG\u00cdA WITIX. <\/p>\n<p>Aprende a instalar correctamente estructuras del ingl\u00e9s en tu cerebro y desarrolla tu habilidad mental para comunicarte correctamente.<\/p>\n<p>Domina esta lengua que el mundo de hoy te exige a gritos y no dejes que ella te domine a ti.<\/p>\n","protected":false},"featured_media":3986,"template":"","meta":{"_joinchat":[]},"product_brand":[],"product_cat":[343,344],"product_tag":[],"class_list":{"0":"post-13724","1":"product","2":"type-product","3":"status-publish","4":"has-post-thumbnail","6":"product_cat-mas-vendidos","7":"product_cat-todos","9":"first","10":"instock","11":"sale","12":"shipping-taxable","13":"product-type-external"},"_links":{"self":[{"href":"https:\/\/cursos.talentup.cl\/index.php?rest_route=\/wp\/v2\/product\/13724","targetHints":{"allow":["GET"]}}],"collection":[{"href":"https:\/\/cursos.talentup.cl\/index.php?rest_route=\/wp\/v2\/product"}],"about":[{"href":"https:\/\/cursos.talentup.cl\/index.php?rest_route=\/wp\/v2\/types\/product"}],"version-history":[{"count":1,"href":"https:\/\/cursos.talentup.cl\/index.php?rest_route=\/wp\/v2\/product\/13724\/revisions"}],"predecessor-version":[{"id":14556,"href":"https:\/\/cursos.talentup.cl\/index.php?rest_route=\/wp\/v2\/product\/13724\/revisions\/14556"}],"wp:featuredmedia":[{"embeddable":true,"href":"https:\/\/cursos.talentup.cl\/index.php?rest_route=\/wp\/v2\/media\/3986"}],"wp:attachment":[{"href":"https:\/\/cursos.talentup.cl\/index.php?rest_route=%2Fwp%2Fv2%2Fmedia&parent=13724"}],"wp:term":[{"taxonomy":"product_brand","embeddable":true,"href":"https:\/\/cursos.talentup.cl\/index.php?rest_route=%2Fwp%2Fv2%2Fproduct_brand&post=13724"},{"taxonomy":"product_cat","embeddable":true,"href":"https:\/\/cursos.talentup.cl\/index.php?rest_route=%2Fwp%2Fv2%2Fproduct_cat&post=13724"},{"taxonomy":"product_tag","embeddable":true,"href":"https:\/\/cursos.talentup.cl\/index.php?rest_route=%2Fwp%2Fv2%2Fproduct_tag&post=13724"}],"curies":[{"name":"wp","href":"https:\/\/api.w.org\/{rel}","templated":true}]}}