{"id":13727,"date":"2023-01-10T04:46:41","date_gmt":"2023-01-10T07:46:41","guid":{"rendered":"https:\/\/cursos.talentup.cl\/producto\/quesos-veganos-2\/"},"modified":"2024-02-07T23:37:51","modified_gmt":"2024-02-08T02:37:51","slug":"quesos-veganos-2","status":"publish","type":"product","link":"https:\/\/cursos.talentup.cl\/?product=quesos-veganos-2","title":{"rendered":"QUESOS VEGANOS"},"content":{"rendered":"<p>\u00bfQu\u00e9 ser\u00eda de la vida sin poder disfrutar un buen Queso?<\/p>\n<p>Muchos veganos sufren por no encontrar la receta correcta.<\/p>\n<p>Algunos sienten que est\u00e1n comiendo algo totalmente ins\u00edpido.<\/p>\n<p>Con el MasterClass QUESOS VEGANOS, aprender\u00e1s preparaciones irresistibles de queso crema, Ricotta, Pepper Jack, Cheddar o Mozzarella.<\/p>\n<p>\u00a1Ponle sabor a tu vida! y transforma este conocimiento en una oportunidad de negocio.<\/p>\n<p>\u00bfQU\u00c9 VAS A LOGRAR?<\/p>\n<p>Disfrutar el sabor y consistencia de los quesos m\u00e1s famosos para que puedas disfrutarlos.<\/p>\n<p>Preparar los quesos veganos m\u00e1s exquisitos que has probado sin tener nada que envidiarle a ning\u00fan queso que hayas probado antes.<\/p>\n<p>Lograr que tus amigos y toda tu familia quieran saber preguntarte d\u00f3nde los compras, sin saber que t\u00fa mismo los hiciste.<\/p>\n<p>Poder hacer tu propio negocio para vender quesos veganos; un mercado de alta demanda con un crecimiento acelerado.<\/p>\n<p>Conocer los ingredientes que necesitas para elaborar quesos veganos.<\/p>\n<p>Saber cu\u00e1les son las caracter\u00edsticas de cada queso para que puedas prepararlos y combinarlos seg\u00fan la ocasi\u00f3n.<\/p>\n<p>Elaborar tus propios quesos derretibles, para poder disfrutar exquisitas pizzas o fondues.<\/p>\n<p>Elaborar quesos para untar y tener un acompa\u00f1ante exquisito en tus comidas, como el queso Ricotta y Queso Crema.<\/p>\n<p>Preparar quesos firmes deliciosos como el Pepper Jack, Cheddar y Mozzarella.<\/p>\n<p>Acceder a una de las mejores comunidades de nutrici\u00f3n en redes sociales, donde encontrar\u00e1s contenido de valor con cambios positivos en sus seguidores.<\/p>\n<p>Acceder al certificado avalado por Hotmart y Seminarios Online. <\/p>\n<p>\u00bfC\u00d3MO LO VAS A LOGRAR?<\/p>\n<p>Con una estructura de 5 m\u00f3dulos y 16 lecciones pr\u00e1cticas. En cada video tendr\u00e1s el paso a paso a las recetas detalladas, para que puedas disfrutar de la preparaci\u00f3n de los platillos mientras ves el curso 100% online.<\/p>\n<p>Introducci\u00f3n al curso Quesos Veganos.<\/p>\n<p>Frutos secos como base para quesos.<\/p>\n<p>Fermentos para la preparaci\u00f3n de quesos.<\/p>\n<p>Grasas para elaboraci\u00f3n de quesos.<\/p>\n<p>Condimentos para un sabor espectacular.<\/p>\n<p>F\u00f3rmulas bases para crear quesos veganos.<\/p>\n<p>Queso fermentado de macadamia.<\/p>\n<p>Rulo de cabra.<\/p>\n<p>Queso b\u00e1sico de mara\u00f1\u00f3n.<\/p>\n<p>Queso Pepper Jack.<\/p>\n<p>Queso Cheddar en rodajas.<\/p>\n<p>Queso Mozzarella tipo Buffalo.<\/p>\n<p>Queso Crema.<\/p>\n<p>Queso tipo Ricotta.<\/p>\n<p>Queso delicioso para Pizza.<\/p>\n<p>Queso para Fondue.<\/p>\n<p>BONOS ADICIONALES<\/p>\n<p>Bono #1: Acceso a la Gu\u00eda para poder elaborar tu propia tabla de quesos para compartir, en donde conocer\u00e1s el montaje ideal y c\u00f3mo combinar todo con otros ingredientes. <\/p>\n<p>Bono #2: Acceso a videos para aprender a elaborar 2 exquisitas salsas veganas: salsa Cheddar para nachos y salsa para quezadillas. <\/p>\n<p>Bono #3: Acceso a comunidad privada, grupo de Facebook en donde podr\u00e1s aprender m\u00e1s recetas de la comunidad vegana, as\u00ed como soporte de parte de su productora para poder resolver tus dudas. <\/p>\n<p>ACERCA DE LA PRODUCTORA<\/p>\n<p>Desarrollado por JESSICA CAMARERO. Nutricionista Cl\u00ednica especializada en alergias, intolerancias y pacientes veganos\/vegetarianos. Cuenta con una certificaci\u00f3n en gastronom\u00eda basada en plantas. <\/p>\n<p>Actualmente, es la fundadora y C.E.O. de Acai Nutrition Studio, un centro de creaci\u00f3n de cursos, asesor\u00edas y programas con el fin de brindar herramientas pr\u00e1cticas para apoyar a las personas en su proceso de transformaci\u00f3n a su versi\u00f3n m\u00e1s saludable y mejorar su calidad de vida.<\/p>\n","protected":false},"excerpt":{"rendered":"<p>\u00bfQu\u00e9 ser\u00eda de la vida sin poder disfrutar un buen Queso?<\/p>\n<p>Muchos veganos sufren por no encontrar la receta correcta.<\/p>\n<p>Algunos sienten que est\u00e1n comiendo algo totalmente ins\u00edpido.<\/p>\n<p>Con el MasterClass QUESOS VEGANOS, aprender\u00e1s preparaciones irresistibles de queso crema, Ricotta, Pepper Jack, Cheddar o Mozzarella.<\/p>\n<p>\u00a1Ponle sabor a tu vida! y transforma este conocimiento en una oportunidad de negocio.<\/p>\n","protected":false},"featured_media":3991,"template":"","meta":{"_joinchat":[]},"product_brand":[],"product_cat":[343,344],"product_tag":[],"class_list":{"0":"post-13727","1":"product","2":"type-product","3":"status-publish","4":"has-post-thumbnail","6":"product_cat-mas-vendidos","7":"product_cat-todos","9":"first","10":"instock","11":"sale","12":"shipping-taxable","13":"product-type-external"},"_links":{"self":[{"href":"https:\/\/cursos.talentup.cl\/index.php?rest_route=\/wp\/v2\/product\/13727","targetHints":{"allow":["GET"]}}],"collection":[{"href":"https:\/\/cursos.talentup.cl\/index.php?rest_route=\/wp\/v2\/product"}],"about":[{"href":"https:\/\/cursos.talentup.cl\/index.php?rest_route=\/wp\/v2\/types\/product"}],"version-history":[{"count":1,"href":"https:\/\/cursos.talentup.cl\/index.php?rest_route=\/wp\/v2\/product\/13727\/revisions"}],"predecessor-version":[{"id":14561,"href":"https:\/\/cursos.talentup.cl\/index.php?rest_route=\/wp\/v2\/product\/13727\/revisions\/14561"}],"wp:featuredmedia":[{"embeddable":true,"href":"https:\/\/cursos.talentup.cl\/index.php?rest_route=\/wp\/v2\/media\/3991"}],"wp:attachment":[{"href":"https:\/\/cursos.talentup.cl\/index.php?rest_route=%2Fwp%2Fv2%2Fmedia&parent=13727"}],"wp:term":[{"taxonomy":"product_brand","embeddable":true,"href":"https:\/\/cursos.talentup.cl\/index.php?rest_route=%2Fwp%2Fv2%2Fproduct_brand&post=13727"},{"taxonomy":"product_cat","embeddable":true,"href":"https:\/\/cursos.talentup.cl\/index.php?rest_route=%2Fwp%2Fv2%2Fproduct_cat&post=13727"},{"taxonomy":"product_tag","embeddable":true,"href":"https:\/\/cursos.talentup.cl\/index.php?rest_route=%2Fwp%2Fv2%2Fproduct_tag&post=13727"}],"curies":[{"name":"wp","href":"https:\/\/api.w.org\/{rel}","templated":true}]}}