{"id":13730,"date":"2023-01-10T04:46:42","date_gmt":"2023-01-10T07:46:42","guid":{"rendered":"https:\/\/cursos.talentup.cl\/producto\/fresas-artisticas-con-chocolate-2\/"},"modified":"2024-02-07T23:37:52","modified_gmt":"2024-02-08T02:37:52","slug":"fresas-artisticas-con-chocolate-2","status":"publish","type":"product","link":"https:\/\/cursos.talentup.cl\/?product=fresas-artisticas-con-chocolate-2","title":{"rendered":"FRESAS ART\u00cdSTICAS CON CHOCOLATE"},"content":{"rendered":"<p>\u00bfSab\u00edas que uno de los postres m\u00e1s vendidos son las fresas con chocolate? Tanto as\u00ed, que son ideales para regalos en ocasiones especiales o incluso en eventos sociales. <\/p>\n<p>Con el MasterClass FRESAS ART\u00cdSTICAS CON CHOCOLATE aprende todo lo que se necesita saber para tener este gran negocio, incluso sin ser un experto.<\/p>\n<p>Conoce el paso a paso de un m\u00e9todo que le ha funcionado a grandes chefs con las m\u00e1s suculentas recetas donde se combinan los sabores con la decoraci\u00f3n.<\/p>\n<p>Puedes aprender todo lo que se necesitas saber para tener este gran negocio, incluso si no eres un experto en la cocina. <\/p>\n<p>\u00bfQU\u00c9 VAS A LOGRAR?<\/p>\n<p>Aprender\u00e1s las t\u00e9cnicas m\u00e1s avanzadas para construir tu propio emprendimiento de fresas y cake pops.<\/p>\n<p>Sabr\u00e1s c\u00f3mo elegir, conservar y decorar las fresas.<\/p>\n<p>Realizar\u00e1s un empaque para sorprender a tus clientes y familiares con exclusivos dise\u00f1os sacados de tu universo creativo.<\/p>\n<p>Obtendr\u00e1s una MasterClass guiada a partir de la experiencia de su creador con excelentes resultados.<\/p>\n<p>Tendr\u00e1s una excelente gu\u00eda para que puedas emprender tu negocio por Instagram y encontrar tus clientes potenciales. <\/p>\n<p>Aprender\u00e1s paso a paso el m\u00e9todo para deleitar a tus clientes y hacer m\u00e1s felices a las personas.<\/p>\n<p>Llevar\u00e1s a las personas a degustar fresas en diferentes ocasiones especiales, creando una experiencia \u00fanica que genere altos niveles de recordaci\u00f3n. <\/p>\n<p>Obtendr\u00e1s un E-book para el crecimiento de tu marca en Instagram.<\/p>\n<p>Acceder\u00e1s al certificado avalado por Hotmart y Seminarios Online.<\/p>\n<p>\u00bfC\u00d3MO LO VAS A LOGRAR?<\/p>\n<p>A trav\u00e9s del siguiente contenido, estructurado paso a paso:<\/p>\n<p>M\u00d3DULO 1 &#8211; LO QUE DEBES SABER<\/p>\n<p>Bienvenida.<br \/>\n\u00bfY si tengo preguntas?<br \/>\nPresentaci\u00f3n de la materia prima.<br \/>\nPresentaci\u00f3n de los utensilios.<br \/>\nPresentaci\u00f3n de grageas para decoraci\u00f3n.<br \/>\nMateriales nuevos dise\u00f1os y consejos.<\/p>\n<p>M\u00d3DULO 2 &#8211; PREPARACI\u00d3N DEL CHOCOLATE<\/p>\n<p>Formas de fundir el chocolate.<br \/>\nC\u00f3mo te\u00f1ir el chocolate blanco.<br \/>\nFormas de potenciar el chocolate negro.<br \/>\nFormas de potenciar el chocolate blanco.<br \/>\nC\u00f3mo recuperar el chocolate.<\/p>\n<p>M\u00d3DULO 3 &#8211; PR\u00c1CTICA (ELABORACI\u00d3N Y DECORACI\u00d3N DE LAS FRESAS)<\/p>\n<p>Lavado y desinfectado de fresas.<br \/>\nMateriales para decoraci\u00f3n I.<br \/>\nMateriales para decoraci\u00f3n II.<br \/>\nDecoraci\u00f3n con grageas.<br \/>\nDecoraci\u00f3n con polvo.<br \/>\nRecomendaciones.<br \/>\nOtro tipo de fresas.<br \/>\nCoraz\u00f3n gigante I.<br \/>\nCoraz\u00f3n gigante II.<br \/>\nFresas matrimonio.<br \/>\nAnimales y decoraci\u00f3n con fondant.<br \/>\nFresas con figuras en chocolate y fondant.<br \/>\nCubeta de fresas.<br \/>\nCilindro fresas.<br \/>\nDecoraci\u00f3n letra personalizada.<br \/>\nRamo fresas.<\/p>\n<p>M\u00d3DULO 4 &#8211; PREPARACI\u00d3N DE CAKE POPS<\/p>\n<p>Materiales a usar.<br \/>\nC\u00f3mo hacer el relleno.<br \/>\nFiguras con moldes de silicona.<br \/>\nPrimera capa de chocolate.<br \/>\nArmando los cake pops.<br \/>\nDecorando los cake pops.<br \/>\nOtros tipos de cake pops.<br \/>\nCubeta de coraz\u00f3n y cake pops I.<br \/>\nCubeta de coraz\u00f3n y cake pops II.<\/p>\n<p>M\u00d3DULO 5 &#8211; EMPAQUE PARA VENTA<\/p>\n<p>Preparando para la venta.<br \/>\nOtro tipo de empaque Masterclass.<br \/>\nComo calcular los costos para venta.<\/p>\n<p>M\u00d3DULO 6 &#8211; NOVEDADES (ACTUALIZACI\u00d3N)<\/p>\n<p>Chocolatina y galletas.<br \/>\nCoraz\u00f3n gigante con t\u00e9cnica marmoleado.<br \/>\nDecoraci\u00f3n bananas.<br \/>\nEmpaque para la venta 3.<br \/>\nOso gigante negro.<br \/>\nT\u00e9cnica marmoleado para fresas.<\/p>\n<p>M\u00d3DULO 7 &#8211; MATERIAL ADICIONAL (BONOS)<\/p>\n<p>Bono 1: PDF crea tu marca. Crecimiento de Instagram.<br \/>\nBono 2: Gu\u00eda de fresas con chocolate.<br \/>\nBono 3. Excel. Recetas.<\/p>\n<p>M\u00d3DULO 8 &#8211; VIDEO RESPUESTAS (CLASES EN ZOOM)<\/p>\n<p>Preguntas y respuestas I. MasterClass.<br \/>\nPreguntas y respuestas II.<\/p>\n<p>M\u00d3DULO 9 \u2013 \u00bfC\u00d3MO OBTENER TU CERTIFICADO?<\/p>\n<p>\u00bfC\u00f3mo obtener tu certificado?<\/p>\n<p>ACERCA DEL PRODUCTOR<\/p>\n<p>Desarrollado por DANIEL MART\u00cdNEZ, t\u00e9cnico profesional en gastronom\u00eda y reposter\u00eda. Con m\u00e1s de 10 a\u00f1os de experiencia, CEO de \u201cSweet Love Bogot\u00e1\u201d, fundador y creador de esta MasterClass.<\/p>\n<p>En los \u00faltimos a\u00f1os se ha desempe\u00f1ado como cocinero encargado en diferentes restaurantes de la ciudad de Bogot\u00e1 adquiriendo gran conocimiento en el manejo de personal y liderazgo. Con el conocimiento gastron\u00f3mico combinado con su creatividad se fue encaminando por el \u00e1rea de la reposter\u00eda la cual ha sido su pasi\u00f3n.<\/p>\n<p>Actualmente tiene una empresa de fresas con chocolate y detalles personalizados en Instagram. Por medio de su trabajo ha podido recrear las ideas de sus clientes y familiares.<\/p>\n","protected":false},"excerpt":{"rendered":"<p>\u00bfSab\u00edas que uno de los postres m\u00e1s vendidos son las fresas con chocolate? Tanto as\u00ed, que son ideales para regalos en ocasiones especiales o incluso en eventos sociales. <\/p>\n<p>Con el MasterClass FRESAS ART\u00cdSTICAS CON CHOCOLATE aprende todo lo que se necesita saber para tener este gran negocio, incluso sin ser un experto.<\/p>\n<p>Conoce el paso a paso de un m\u00e9todo que le ha funcionado a grandes chefs con las m\u00e1s suculentas recetas donde se combinan los sabores con la decoraci\u00f3n.<\/p>\n<p>Puedes aprender todo lo que se necesitas saber para tener este gran negocio, incluso si no eres un experto en la cocina. <\/p>\n","protected":false},"featured_media":3997,"template":"","meta":{"_joinchat":[]},"product_brand":[],"product_cat":[343,344],"product_tag":[],"class_list":{"0":"post-13730","1":"product","2":"type-product","3":"status-publish","4":"has-post-thumbnail","6":"product_cat-mas-vendidos","7":"product_cat-todos","9":"first","10":"instock","11":"sale","12":"shipping-taxable","13":"product-type-external"},"_links":{"self":[{"href":"https:\/\/cursos.talentup.cl\/index.php?rest_route=\/wp\/v2\/product\/13730","targetHints":{"allow":["GET"]}}],"collection":[{"href":"https:\/\/cursos.talentup.cl\/index.php?rest_route=\/wp\/v2\/product"}],"about":[{"href":"https:\/\/cursos.talentup.cl\/index.php?rest_route=\/wp\/v2\/types\/product"}],"version-history":[{"count":1,"href":"https:\/\/cursos.talentup.cl\/index.php?rest_route=\/wp\/v2\/product\/13730\/revisions"}],"predecessor-version":[{"id":14567,"href":"https:\/\/cursos.talentup.cl\/index.php?rest_route=\/wp\/v2\/product\/13730\/revisions\/14567"}],"wp:featuredmedia":[{"embeddable":true,"href":"https:\/\/cursos.talentup.cl\/index.php?rest_route=\/wp\/v2\/media\/3997"}],"wp:attachment":[{"href":"https:\/\/cursos.talentup.cl\/index.php?rest_route=%2Fwp%2Fv2%2Fmedia&parent=13730"}],"wp:term":[{"taxonomy":"product_brand","embeddable":true,"href":"https:\/\/cursos.talentup.cl\/index.php?rest_route=%2Fwp%2Fv2%2Fproduct_brand&post=13730"},{"taxonomy":"product_cat","embeddable":true,"href":"https:\/\/cursos.talentup.cl\/index.php?rest_route=%2Fwp%2Fv2%2Fproduct_cat&post=13730"},{"taxonomy":"product_tag","embeddable":true,"href":"https:\/\/cursos.talentup.cl\/index.php?rest_route=%2Fwp%2Fv2%2Fproduct_tag&post=13730"}],"curies":[{"name":"wp","href":"https:\/\/api.w.org\/{rel}","templated":true}]}}