{"id":13734,"date":"2023-01-10T04:46:43","date_gmt":"2023-01-10T07:46:43","guid":{"rendered":"https:\/\/cursos.talentup.cl\/producto\/peluqueria-para-perros-2\/"},"modified":"2024-02-07T23:37:52","modified_gmt":"2024-02-08T02:37:52","slug":"peluqueria-para-perros-2","status":"publish","type":"product","link":"https:\/\/cursos.talentup.cl\/?product=peluqueria-para-perros-2","title":{"rendered":"PELUQUER\u00cdA PARA PERROS"},"content":{"rendered":"<p>Los perros son un miembro mas de nuestra familia y un amigo inseparable, las personas hacen lo que sea para que tengan una apariencia incre\u00edble.<\/p>\n<p>Con el MaserClass PELUQUER\u00cdA PARA PERROS aprende un arte que puedes desempe\u00f1ar y ganar mucho dinero desde cualquier lugar. Aqu\u00ed hay una oportunidad de negocio altamente rentable. <\/p>\n<p>Con este curso sabr\u00e1s como usar distintas herramientas para ba\u00f1ar, cortar, cepillar y desenredar el pelo de tu perro y que hacer para prolongar el efecto del ba\u00f1o.<\/p>\n<p>\u00bfQU\u00c9 VAS A LOGRAR?<\/p>\n<p>Conocer\u00e1s un lenguaje t\u00e9cnico que te permitir\u00e1 entender mejor cada sesi\u00f3n.<\/p>\n<p>Entender\u00e1s las partes de un perro para su aseo personal y apariencia f\u00edsica.<\/p>\n<p>Aprender\u00e1s el manejo de los perros en la peluquer\u00eda.<\/p>\n<p>Conocer\u00e1s las herramientas seg\u00fan el tipo de pelo, textura y razas.<\/p>\n<p>Aprender\u00e1s a utilizar las herramientas, cu\u00e1les son y c\u00f3mo utilizarlas y quitar los nudos.<\/p>\n<p>Conocer\u00e1s la cosm\u00e9tica aplicada al manto de las mascotas seg\u00fan el tipo de pelo y la textura.<\/p>\n<p>Sabr\u00e1s si qued\u00f3 limpio el pelo, prolongar\u00e1s el efecto del ba\u00f1o y sabr\u00e1s en qu\u00e9 momento acondicionar o hidratar.<\/p>\n<p>Aprender\u00e1s los procedimientos de ba\u00f1o, cepillado y desenredado.<\/p>\n<p>Cortar\u00e1s el pelo de una manera pr\u00e1ctica con m\u00e1quina y tijera.<\/p>\n<p>Acceder\u00e1s al certificado avalado por Hotmart y Seminarios Online.<\/p>\n<p>\u00bfC\u00d3MO LO VAS A LOGRAR?<\/p>\n<p>A trav\u00e9s del siguiente contenido, estructurado paso a paso:<\/p>\n<p>M\u00d3DULO 1 &#8211; INTRODUCCI\u00d3N &#8211; PELUQUER\u00cdA PARA PERROS<\/p>\n<p>Introducci\u00f3n a la peluquer\u00eda canina I.<br \/>\nIntroducci\u00f3n a la peluquer\u00eda canina II.<br \/>\nLenguaje t\u00e9cnico que debe tener un estilista III.<br \/>\nCosmetolog\u00eda aplicada al manto del perro I.<br \/>\nCosmetolog\u00eda aplicada al manto del perro II.<br \/>\nIntroducci\u00f3n a la parte pr\u00e1ctica en peluquer\u00eda canina.<br \/>\nSeguridad en la peluquer\u00eda.<br \/>\nManejo del perro.<br \/>\nHerramientas de peluquer\u00eda canina.<br \/>\nProductos que vas a necesitar en la peluquer\u00eda canina.<br \/>\nPreparaci\u00f3n del perro antes del ba\u00f1o.<br \/>\nC\u00f3mo ba\u00f1ar al perro.<br \/>\nC\u00f3mo secar al perro.<br \/>\nArreglo de almohadillas, higi\u00e9nico y como despejar ojos.<br \/>\nCorte de maquina y tijera en cuerpo y cabeza.<br \/>\nArreglo de cabeza y orejas.<br \/>\nResultado final primer curso b\u00e1sico de peluquer\u00eda canina.<br \/>\nCertificaci\u00f3n.<\/p>\n<p>M\u00d3DULO 2 &#8211; NIVEL INTERMEDIO<\/p>\n<p>Certificaciones nivel intermedio.<br \/>\nIntroducci\u00f3n nivel intermedio.<br \/>\nPrincipios b\u00e1sicos que componen un corte de pelo I.<br \/>\nPrincipios b\u00e1sicos que componen un corte de pelo II.<br \/>\nPrincipios b\u00e1sicos. Primer modelo.<br \/>\nHerramientas y cosm\u00e9tica para modelo dos I.<br \/>\nHerramientas y cosm\u00e9tica para modelo tres II.<br \/>\nArreglo de la raza Westy I.<br \/>\nArreglo de la raza Westy II.<br \/>\nArreglo de la raza Westy III.<br \/>\nArreglo de la raza Westy VI.<br \/>\nArreglo de la raza Schnauzer I.<br \/>\nArreglo de la raza Schnauzer II.<br \/>\nArreglo de la raza Fox terrier I.<br \/>\nArreglo de la raza Fox terrier II.<br \/>\nArreglo de la raza Fox terrier III.<\/p>\n<p>M\u00d3DULO 3 &#8211; NIVEL INTERMEDIO II<\/p>\n<p>Introducci\u00f3n Nivel intermedio II.<br \/>\nArreglo del Yorky I.<br \/>\nArreglo del Yorky II.<br \/>\nArreglo del Yorky III.<br \/>\nArreglo del Yorky IV.<br \/>\nArreglo del Yorky V.<br \/>\nArreglo del Yorky VI.<br \/>\nArreglo del Yorky VII.<br \/>\nArreglo del Yorky VIII.<br \/>\nArreglo del Yorky IX.<br \/>\nArreglo del Yorky X.<br \/>\nArreglo del Yorky XI.<\/p>\n<p>M\u00d3DULO 4 &#8211; NIVEL AVANZADO<\/p>\n<p>\u00a1Un camino fascinante!<br \/>\nClases que valen oro, corte cachorro en un Shih tzu P1.<br \/>\nCorte cachorro parte 2.<br \/>\nAccede a las 20 clases.<\/p>\n<p>M\u00d3DULO 5 \u2013 \u00bfC\u00d3MO OBTENER TU CERTIFICADO?<\/p>\n<p>\u00bfC\u00f3mo obtener tu certificado?<\/p>\n<p>ACERCA DEL PRODUCTOR<\/p>\n<p>Desarrollado por FABIO ERNESTO G\u00d3MEZ, estilista canino profesional, handler, ponente internacional y escultor con participaci\u00f3n en uno de los congresos m\u00e1s grandes e importantes del mundo de las mascotas y capacitador en diferentes pa\u00edses. <\/p>\n<p>Cuenta con estudiantes en M\u00e9xico, Colombia, Costa Rica, El Salvador, Guatemala, USA, Espa\u00f1a y Canad\u00e1 quienes est\u00e1n dando resultados. <\/p>\n<p>Fundador de la academia para estilistas caninos 2Hands Art, donde recibe constantemente estudiantes para iniciar desde cero en la peluquer\u00eda canina o para perfeccionar t\u00e9cnicas y cortes para estilistas ya experimentados.<\/p>\n<p>Ganador de m\u00faltiples Best in show en diferentes competencias de belleza en perros y de peluquer\u00eda canina. Acompa\u00f1ado y respaldado por nuestra academia que lleva a\u00f1os formando nuevos estilistas que ya se encuentran trabajando en diferentes pa\u00edses, con altos resultados en emprendimiento creciendo y con ganas de seguir invirtiendo en su formaci\u00f3n. <\/p>\n<p>Creador de reconocidas esculturas desarrolladas con pelo natural llamadas Tiny pets.<\/p>\n","protected":false},"excerpt":{"rendered":"<p>Los perros son un miembro mas de nuestra familia y un amigo inseparable, las personas hacen lo que sea para que tengan una apariencia incre\u00edble.<\/p>\n<p>Con el MaserClass PELUQUER\u00cdA PARA PERROS aprende un arte que puedes desempe\u00f1ar y ganar mucho dinero desde cualquier lugar. Aqu\u00ed hay una oportunidad de negocio altamente rentable. <\/p>\n<p>Con este curso sabr\u00e1s como usar distintas herramientas para ba\u00f1ar, cortar, cepillar y desenredar el pelo de tu perro y que hacer para prolongar el efecto del ba\u00f1o.<\/p>\n","protected":false},"featured_media":4001,"template":"","meta":{"_joinchat":[]},"product_brand":[],"product_cat":[343,344],"product_tag":[],"class_list":{"0":"post-13734","1":"product","2":"type-product","3":"status-publish","4":"has-post-thumbnail","6":"product_cat-mas-vendidos","7":"product_cat-todos","9":"first","10":"instock","11":"sale","12":"shipping-taxable","13":"product-type-external"},"_links":{"self":[{"href":"https:\/\/cursos.talentup.cl\/index.php?rest_route=\/wp\/v2\/product\/13734","targetHints":{"allow":["GET"]}}],"collection":[{"href":"https:\/\/cursos.talentup.cl\/index.php?rest_route=\/wp\/v2\/product"}],"about":[{"href":"https:\/\/cursos.talentup.cl\/index.php?rest_route=\/wp\/v2\/types\/product"}],"version-history":[{"count":1,"href":"https:\/\/cursos.talentup.cl\/index.php?rest_route=\/wp\/v2\/product\/13734\/revisions"}],"predecessor-version":[{"id":14571,"href":"https:\/\/cursos.talentup.cl\/index.php?rest_route=\/wp\/v2\/product\/13734\/revisions\/14571"}],"wp:featuredmedia":[{"embeddable":true,"href":"https:\/\/cursos.talentup.cl\/index.php?rest_route=\/wp\/v2\/media\/4001"}],"wp:attachment":[{"href":"https:\/\/cursos.talentup.cl\/index.php?rest_route=%2Fwp%2Fv2%2Fmedia&parent=13734"}],"wp:term":[{"taxonomy":"product_brand","embeddable":true,"href":"https:\/\/cursos.talentup.cl\/index.php?rest_route=%2Fwp%2Fv2%2Fproduct_brand&post=13734"},{"taxonomy":"product_cat","embeddable":true,"href":"https:\/\/cursos.talentup.cl\/index.php?rest_route=%2Fwp%2Fv2%2Fproduct_cat&post=13734"},{"taxonomy":"product_tag","embeddable":true,"href":"https:\/\/cursos.talentup.cl\/index.php?rest_route=%2Fwp%2Fv2%2Fproduct_tag&post=13734"}],"curies":[{"name":"wp","href":"https:\/\/api.w.org\/{rel}","templated":true}]}}