{"id":13737,"date":"2023-01-10T04:46:43","date_gmt":"2023-01-10T07:46:43","guid":{"rendered":"https:\/\/cursos.talentup.cl\/producto\/educanino-todo-sobre-adiestramiento-canino-2\/"},"modified":"2024-02-07T23:37:54","modified_gmt":"2024-02-08T02:37:54","slug":"educanino-todo-sobre-adiestramiento-canino-2","status":"publish","type":"product","link":"https:\/\/cursos.talentup.cl\/?product=educanino-todo-sobre-adiestramiento-canino-2","title":{"rendered":"EDUCANINO. TODO SOBRE ADIESTRAMIENTO CANINO"},"content":{"rendered":"<p>Educanino es el \u00fanico programa completo de adiestramiento canino en espa\u00f1ol.<\/p>\n<p>Incluye todas las lecciones con actualizaciones permanentes de educaci\u00f3n para perros sin importar la raza y edad en cualquier parte del mundo, y lo mejor \u00a1no tendr\u00e1s que pagar por \u00e9l nunca m\u00e1s \u00a1<\/p>\n<p>Aprender\u00e1s todo sobre la educaci\u00f3n de tu perro.<\/p>\n<p>Adem\u00e1s, este programa es perfecto para presentar los ex\u00e1menes, actualizarte y certificarte.<\/p>\n<p>\u00bfC\u00d3MO LO VAS A LOGRAR?<\/p>\n<p>A trav\u00e9s del siguiente contenido, estructurado paso a paso:<\/p>\n<p>M\u00d3DULO 1 &#8211; OBEDIENCIA B\u00c1SICA CANINA<\/p>\n<p>123 clases<\/p>\n<p>M\u00d3DULO 2 &#8211; CACHORROS EDUCACI\u00d3N Y OBEDIENCIA<\/p>\n<p>48 clases<\/p>\n<p>M\u00d3DULO 3 &#8211; EL PERRO Y EL JUEGO<\/p>\n<p>26 clases<\/p>\n<p>M\u00d3DULO 4 &#8211; COMO CONTROLAR TU PERRO POSESIVO POR LA COMIDA<\/p>\n<p>6 clases<\/p>\n<p>M\u00d3DULO 5 &#8211; COMO ENSE\u00d1ARLE A TU PERRO A USAR BOZAL<\/p>\n<p>8 clases<\/p>\n<p>M\u00d3DULO 6 &#8211; ANSIEDAD POR SEPARACI\u00d3N EN PERROS<\/p>\n<p>37 clases<\/p>\n<p>M\u00d3DULO 7 &#8211; COMO CONTROLAR LOS LADRIDOS DE TU PERRO<\/p>\n<p>33 clases<\/p>\n<p>M\u00d3DULO 8 &#8211; COMO EVITAR QUE TU CACHORRO TE MUERDA<\/p>\n<p>6 clases<\/p>\n<p>M\u00d3DULO 9 &#8211; HERRAMIENTAS EN EL ADIESTRAMIENTO<\/p>\n<p>19 clases<\/p>\n<p>M\u00d3DULO 10 &#8211; PRINCIPIO DE PREMACK<\/p>\n<p>3 clases<\/p>\n<p>M\u00d3DULO 11 &#8211; COMANDO DEJA<\/p>\n<p>13 clases<\/p>\n<p>M\u00d3DULO 12 &#8211; PRIMEROS AUXILIOS CANINOS<\/p>\n<p>5 clases<\/p>\n<p>M\u00d3DULO 13 &#8211; OBEDIENCIA AVANZADA<\/p>\n<p>13 clases<\/p>\n<p>M\u00d3DULO 14 &#8211; QUE HACER SI MI PERRO LADRA EN EXCESO<\/p>\n<p>2 clases<\/p>\n<p>M\u00d3DULO 15 &#8211; PERROS Y NI\u00d1OS<\/p>\n<p>2 clases<\/p>\n<p>M\u00d3DULO 16 &#8211; REACTIVIDAD CANINA<\/p>\n<p>5 clases<\/p>\n<p>M\u00d3DULO 17 &#8211; ENSE\u00d1AR EL \u00abPARADO\u00bb<\/p>\n<p>5 clases<\/p>\n<p>M\u00d3DULO 18 &#8211; VIDEO RESPUESTAS<\/p>\n<p>30 videos<\/p>\n<p>M\u00d3DULO 19 &#8211; \u00bfCOMO OBTENER TU CERTIFICADO?<\/p>\n<p>\u00bfC\u00f3mo obtener tu certificado?<\/p>\n<p>ACERCA DEL PRODUCTOR<\/p>\n<p>Desarrollado por ALVARO OSORIO una de las personas m\u00e1s influyentes en habla hispana.<\/p>\n","protected":false},"excerpt":{"rendered":"<p>Educanino es el \u00fanico programa completo de adiestramiento canino en espa\u00f1ol.<\/p>\n<p>Incluye todas las lecciones con actualizaciones permanentes de educaci\u00f3n para perros sin importar la raza y edad en cualquier parte del mundo, y lo mejor \u00a1no tendr\u00e1s que pagar por \u00e9l nunca m\u00e1s \u00a1<\/p>\n<p>Aprender\u00e1s todo sobre la educaci\u00f3n de tu perro.<\/p>\n<p>Adem\u00e1s, este programa es perfecto para presentar los ex\u00e1menes, actualizarte y certificarte.<\/p>\n","protected":false},"featured_media":4005,"template":"","meta":{"_joinchat":[]},"product_brand":[],"product_cat":[343,344],"product_tag":[],"class_list":{"0":"post-13737","1":"product","2":"type-product","3":"status-publish","4":"has-post-thumbnail","6":"product_cat-mas-vendidos","7":"product_cat-todos","9":"first","10":"instock","11":"sale","12":"shipping-taxable","13":"product-type-external"},"_links":{"self":[{"href":"https:\/\/cursos.talentup.cl\/index.php?rest_route=\/wp\/v2\/product\/13737","targetHints":{"allow":["GET"]}}],"collection":[{"href":"https:\/\/cursos.talentup.cl\/index.php?rest_route=\/wp\/v2\/product"}],"about":[{"href":"https:\/\/cursos.talentup.cl\/index.php?rest_route=\/wp\/v2\/types\/product"}],"version-history":[{"count":1,"href":"https:\/\/cursos.talentup.cl\/index.php?rest_route=\/wp\/v2\/product\/13737\/revisions"}],"predecessor-version":[{"id":14575,"href":"https:\/\/cursos.talentup.cl\/index.php?rest_route=\/wp\/v2\/product\/13737\/revisions\/14575"}],"wp:featuredmedia":[{"embeddable":true,"href":"https:\/\/cursos.talentup.cl\/index.php?rest_route=\/wp\/v2\/media\/4005"}],"wp:attachment":[{"href":"https:\/\/cursos.talentup.cl\/index.php?rest_route=%2Fwp%2Fv2%2Fmedia&parent=13737"}],"wp:term":[{"taxonomy":"product_brand","embeddable":true,"href":"https:\/\/cursos.talentup.cl\/index.php?rest_route=%2Fwp%2Fv2%2Fproduct_brand&post=13737"},{"taxonomy":"product_cat","embeddable":true,"href":"https:\/\/cursos.talentup.cl\/index.php?rest_route=%2Fwp%2Fv2%2Fproduct_cat&post=13737"},{"taxonomy":"product_tag","embeddable":true,"href":"https:\/\/cursos.talentup.cl\/index.php?rest_route=%2Fwp%2Fv2%2Fproduct_tag&post=13737"}],"curies":[{"name":"wp","href":"https:\/\/api.w.org\/{rel}","templated":true}]}}