{"id":13738,"date":"2023-01-10T04:46:43","date_gmt":"2023-01-10T07:46:43","guid":{"rendered":"https:\/\/cursos.talentup.cl\/producto\/decoracion-de-tazas-y-termos-con-resina-2\/"},"modified":"2024-02-07T23:37:54","modified_gmt":"2024-02-08T02:37:54","slug":"decoracion-de-tazas-y-termos-con-resina-2","status":"publish","type":"product","link":"https:\/\/cursos.talentup.cl\/?product=decoracion-de-tazas-y-termos-con-resina-2","title":{"rendered":"DECORACI\u00d3N DE TAZAS Y TERMOS CON RESINA"},"content":{"rendered":"<p>Existe una forma para darle color a tus objetos con una explosi\u00f3n de creatividad incre\u00edble.<\/p>\n<p>Tienes que conocer el MasterClass DECORACI\u00d3N DE TAZAS Y TERMOS CON RESINA; una t\u00e9cnica que lleg\u00f3 para quedarse.<\/p>\n<p>Decora con resina y otros materiales como pintura acr\u00edlica, glitter y tintas de diferentes colores.<\/p>\n<p>Aprende c\u00f3mo mezclar la resina para que logres acabados \u00fanicos en tazas y termos con una t\u00e9cnica que incluso se puede aplicar a infinidad de objetos.<\/p>\n<p>\u00bfQU\u00c9 VAS A LOGRAR?<\/p>\n<p>Conocer\u00e1s qu\u00e9 es la resina ep\u00f3xica y para qu\u00e9 sirve. <\/p>\n<p>Aprender\u00e1s el manejo correcto y los cuidados necesarios para la resina ep\u00f3xica.<\/p>\n<p>Conocer\u00e1s los pasos para iniciarte en el negocio de la decoraci\u00f3n de tazas y termos con resina ep\u00f3xica. <\/p>\n<p>Conocer\u00e1s las recomendaciones del productor para comenzar con tu emprendimiento en el negocio.<\/p>\n<p>Conocer\u00e1s las t\u00e9cnicas m\u00e1s utilizadas para crear y decorar tazas y termos.<\/p>\n<p>Conocer\u00e1s los materiales necesarios para realizar los productos.<\/p>\n<p>Conocer\u00e1s el proceso de mezclado de la resina ep\u00f3xica.<\/p>\n<p>Aprender\u00e1s la correcta aplicaci\u00f3n de la resina ep\u00f3xica.<\/p>\n<p>Aprender\u00e1s todos los pasos para realizar una taza y un termo con la t\u00e9cnica de tintas al alcohol.<\/p>\n<p>Aprender\u00e1s todos los pasos para realizar una taza y un termo con la t\u00e9cnica de esponja.<\/p>\n<p>Aprender\u00e1s todos los pasos para realizar un termo con la t\u00e9cnica glitter.<\/p>\n<p>Conocer\u00e1s las variaciones que se pueden realizar con cada una de las t\u00e9cnicas.<\/p>\n<p>Aprender\u00e1s dos t\u00e9cnicas para decorar fundas para celular utilizando la resina.<\/p>\n<p>Aprender\u00e1s a realizar llaveros y tag\u00b4s para mascotas.<\/p>\n<p>Aprender\u00e1s c\u00f3mo pintar el asa de las tazas en color dorado.<\/p>\n<p>Acceder\u00e1s al certificado avalado por Hotmart y Seminarios Online.<\/p>\n<p>\u00bfC\u00d3MO LO VAS A LOGRAR?<\/p>\n<p>A trav\u00e9s del siguiente contenido estructurado paso a paso:<\/p>\n<p>VIDEO 1: Bienvenida.<br \/>\nVIDEO 2: Introducci\u00f3n y recomendaciones.<br \/>\nVIDEO 3: Materiales.<br \/>\nVIDEO 4: T\u00e9cnica 1 taza.<br \/>\nVIDEO 5: T\u00e9cnica 1 termo.<br \/>\nVIDEO 6: Ejemplos t\u00e9cnica 1.<br \/>\nVIDEO 7: T\u00e9cnica 2 taza.<br \/>\nVIDEO 8: T\u00e9cnica 2 termo.<br \/>\nVIDEO 9: Ejemplos t\u00e9cnica 2.<br \/>\nVIDEO10: Aplicaci\u00f3n de resina.<br \/>\nVIDEO 11: T\u00e9cnica 3.<br \/>\nVIDEO12: Ejemplos T\u00e9cnica 3.<br \/>\nVIDEO13: Resultado Final.<br \/>\nVIDEO14: Bono parte 1.<br \/>\nVIDEO15: Bono parte 2.<br \/>\nVIDEO16: Bono parte 3.<\/p>\n<p>ACERCA DE LA PRODUCTORA<\/p>\n<p>Desarrollado por KAROLINA FLORES, mexicana, mercad\u00f3loga y mujer emprendedora.<\/p>\n<p>Creadora de Bloom Collection, una marca de productos personalizados.<\/p>\n<p>Ha trabajado con la resina ep\u00f3xica estos \u00faltimos a\u00f1os y constantemente me estoy formando para estar siempre actualizada con las tendencias, t\u00e9cnicas y sobre todo la calidad de los productos que ofrecemos.<\/p>\n","protected":false},"excerpt":{"rendered":"<p>Existe una forma para darle color a tus objetos con una explosi\u00f3n de creatividad incre\u00edble.<\/p>\n<p>Tienes que conocer el MasterClass DECORACI\u00d3N DE TAZAS Y TERMOS CON RESINA; una t\u00e9cnica que lleg\u00f3 para quedarse.<\/p>\n<p>Decora con resina y otros materiales como pintura acr\u00edlica, glitter y tintas de diferentes colores.<\/p>\n<p>Aprende c\u00f3mo mezclar la resina para que logres acabados \u00fanicos en tazas y termos con una t\u00e9cnica que incluso se puede aplicar a infinidad de objetos.<\/p>\n","protected":false},"featured_media":4741,"template":"","meta":{"_joinchat":[]},"product_brand":[],"product_cat":[332,344],"product_tag":[],"class_list":{"0":"post-13738","1":"product","2":"type-product","3":"status-publish","4":"has-post-thumbnail","6":"product_cat-musica-y-artes","7":"product_cat-todos","9":"first","10":"instock","11":"sale","12":"shipping-taxable","13":"product-type-external"},"_links":{"self":[{"href":"https:\/\/cursos.talentup.cl\/index.php?rest_route=\/wp\/v2\/product\/13738","targetHints":{"allow":["GET"]}}],"collection":[{"href":"https:\/\/cursos.talentup.cl\/index.php?rest_route=\/wp\/v2\/product"}],"about":[{"href":"https:\/\/cursos.talentup.cl\/index.php?rest_route=\/wp\/v2\/types\/product"}],"version-history":[{"count":1,"href":"https:\/\/cursos.talentup.cl\/index.php?rest_route=\/wp\/v2\/product\/13738\/revisions"}],"predecessor-version":[{"id":14589,"href":"https:\/\/cursos.talentup.cl\/index.php?rest_route=\/wp\/v2\/product\/13738\/revisions\/14589"}],"wp:featuredmedia":[{"embeddable":true,"href":"https:\/\/cursos.talentup.cl\/index.php?rest_route=\/wp\/v2\/media\/4741"}],"wp:attachment":[{"href":"https:\/\/cursos.talentup.cl\/index.php?rest_route=%2Fwp%2Fv2%2Fmedia&parent=13738"}],"wp:term":[{"taxonomy":"product_brand","embeddable":true,"href":"https:\/\/cursos.talentup.cl\/index.php?rest_route=%2Fwp%2Fv2%2Fproduct_brand&post=13738"},{"taxonomy":"product_cat","embeddable":true,"href":"https:\/\/cursos.talentup.cl\/index.php?rest_route=%2Fwp%2Fv2%2Fproduct_cat&post=13738"},{"taxonomy":"product_tag","embeddable":true,"href":"https:\/\/cursos.talentup.cl\/index.php?rest_route=%2Fwp%2Fv2%2Fproduct_tag&post=13738"}],"curies":[{"name":"wp","href":"https:\/\/api.w.org\/{rel}","templated":true}]}}