{"id":13739,"date":"2023-01-10T04:46:46","date_gmt":"2023-01-10T07:46:46","guid":{"rendered":"https:\/\/cursos.talentup.cl\/producto\/canta-como-los-grandes-2\/"},"modified":"2024-02-07T23:38:03","modified_gmt":"2024-02-08T02:38:03","slug":"canta-como-los-grandes-2","status":"publish","type":"product","link":"https:\/\/cursos.talentup.cl\/?product=canta-como-los-grandes-2","title":{"rendered":"CANTA COMO LOS GRANDES"},"content":{"rendered":"<p>\u00bfTe gusta cantar, pero no lo logras? \u00bfQuieres interpretar tus canciones favoritas pero necesitas mejorar tu t\u00e9cnica vocal?<\/p>\n<p>Con el MasterClass, CANTA COMO LOS GRANDES, aprende el ABC para ser un buen cantante.<\/p>\n<p>Proyecta la potencia de tu voz y desarrolla una habilidad que no sab\u00edas que ten\u00edas.<\/p>\n<p>Descubre los secretos de los artistas para matizar su voz y aprende c\u00f3mo vencer el p\u00e1nico esc\u00e9nico para que cantes mucho mejor\u2026COMO LOS GRANDES.<\/p>\n<p>\u00bfQU\u00c9 VAS A LOGRAR?<\/p>\n<p>Aprender\u00e1s a conocer tu instrumento.<\/p>\n<p>Mejorar\u00e1s tu afinaci\u00f3n.<\/p>\n<p>Identificar\u00e1s y derrumbar\u00e1s los mitos que te impiden que tu voz brille.<\/p>\n<p>Entender\u00e1s que los mitos son superados con entrenamiento t\u00e9cnico y fortalecimiento.<\/p>\n<p>Llegar\u00e1s a esos agudos que tan inc\u00f3modos te parecen.<\/p>\n<p>Extender\u00e1s tu registro.<\/p>\n<p>Interpretar\u00e1s de una manera m\u00e1s eficaz tus canciones favoritas.<\/p>\n<p>Obtendr\u00e1s m\u00e1s matices y recursos vocales.<\/p>\n<p>Te enamorar\u00e1s de tu voz y a tu p\u00fablico.<\/p>\n<p>Mejorar\u00e1s tu salud vocal.<\/p>\n<p>Aprender\u00e1s a dosificar tu aire, utilizando una respiraci\u00f3n apropiada.<\/p>\n<p>Lograr\u00e1s a trav\u00e9s del twang proyectar y llegar m\u00e1s lejos con tu voz.<\/p>\n<p>Lograr\u00e1s unificar tu registro vocal sin quiebres ni tensiones.<\/p>\n<p>Aprender\u00e1s cu\u00e1l es la postura m\u00e1s adecuada de un cantante.<\/p>\n<p>Lograr\u00e1s tener m\u00e1s agilidad lar\u00edngea y lograr esa melod\u00edas que tan dif\u00edciles te resultan.<\/p>\n<p>Entender\u00e1s que es el Belting y para qu\u00e9 sirve.<\/p>\n<p>Aprender\u00e1s que las lesiones son un riesgo en cualquier disciplina, el canto tiene los suyos, pero se pueden evitar con una buena t\u00e9cnica y entrenamiento.<\/p>\n<p>Terminar\u00e1s teniendo confianza y seguridad con tu voz para expresarte de una manera m\u00e1s efectiva y emotiva.<\/p>\n<p>Acceder\u00e1s al certificado avalado por Hotmart y Seminarios Online.<\/p>\n<p>\u00bfC\u00d3MO LO VAS A LOGRAR?<\/p>\n<p>A trav\u00e9s del siguiente contenido estructurado paso a paso:<\/p>\n<p>VIDEO 0: Presentaci\u00f3n.<br \/>\nVIDEO 1: Desarrollo del curso.<br \/>\nVIDEO 2: Historia.<br \/>\nVIDEO 3: \u00bfC\u00f3mo se produce la voz?<br \/>\nVIDEO 4: Obst\u00e1culos del cantante.<br \/>\nVIDEO 5: \u00bfCu\u00e1l es mi registro vocal?<br \/>\nVIDEO 6: Retracci\u00f3n para una voz m\u00e1s sana.<br \/>\nVIDEO 7: La respiraci\u00f3n adecuada.<br \/>\nVIDEO 8: La postura correcta.<br \/>\nVIDEO 9: Lengua, mand\u00edbula y labios.<br \/>\nVIDEO 10: Calentamiento.<br \/>\nVIDEO 11: El spa de las cuerdas vocales.<br \/>\nVIDEO 12: Tono, masas e inicios.<br \/>\nVIDEO 13: Inclinaci\u00f3n: \u00bfllorar, gritar?<br \/>\nVIDEO 14: Tu ecualizador interno: la laringe.<br \/>\nVIDEO 15: \u00bfVoz m\u00e1s potente?<br \/>\nVIDEO 16: Voz m\u00e1s estridente.<br \/>\nVIDEO 17: Ap\u00f3rtale otro color a tu voz.<br \/>\nVIDEO 18: Belting.<br \/>\nVIDEO 19: Voz Mixta.<br \/>\nVIDEO 20: Agilidad lar\u00edngea.<br \/>\nVIDEO 21: Improvisaci\u00f3n e interpretaci\u00f3n vocal.<br \/>\nVIDEO 22: \u00bfC\u00f3mo abordar una canci\u00f3n?<br \/>\nVIDEO 23: Enfriamiento.<br \/>\nVIDEO 24: P\u00e1nico esc\u00e9nico.<br \/>\nVIDEO 25: Despedida.\t<\/p>\n<p>ACERCA DEL PRODUCTOR<\/p>\n<p>Desarrollado por PAMELA MAGAL, cantautora y vocal coach argentina\/espa\u00f1ola, mujer emprendedora y con deseos de ense\u00f1ar a otros. <\/p>\n<p>Apasionada con la calidad y el emprendimiento, profesional de la voz, con m\u00e1s de 20 a\u00f1os de experiencia en el sector. <\/p>\n<p>Se ha formado y ha trabajado en pa\u00edses como Argentina, M\u00e9xico y Espa\u00f1a, donde actualmente reside ayudando a potenciar voces de artistas y profesionales de la voz.<\/p>\n","protected":false},"excerpt":{"rendered":"<p>\u00bfTe gusta cantar, pero no lo logras? \u00bfQuieres interpretar tus canciones favoritas pero necesitas mejorar tu t\u00e9cnica vocal?<\/p>\n<p>Con el MasterClass, CANTA COMO LOS GRANDES, aprende el ABC para ser un buen cantante.<\/p>\n<p>Proyecta la potencia de tu voz y desarrolla una habilidad que no sab\u00edas que ten\u00edas.<\/p>\n<p>Descubre los secretos de los artistas para matizar su voz y aprende c\u00f3mo vencer el p\u00e1nico esc\u00e9nico para que cantes mucho mejor\u2026COMO LOS GRANDES.<\/p>\n","protected":false},"featured_media":4806,"template":"","meta":{"_joinchat":[]},"product_brand":[],"product_cat":[332,344],"product_tag":[],"class_list":{"0":"post-13739","1":"product","2":"type-product","3":"status-publish","4":"has-post-thumbnail","6":"product_cat-musica-y-artes","7":"product_cat-todos","9":"first","10":"instock","11":"sale","12":"shipping-taxable","13":"product-type-external"},"_links":{"self":[{"href":"https:\/\/cursos.talentup.cl\/index.php?rest_route=\/wp\/v2\/product\/13739","targetHints":{"allow":["GET"]}}],"collection":[{"href":"https:\/\/cursos.talentup.cl\/index.php?rest_route=\/wp\/v2\/product"}],"about":[{"href":"https:\/\/cursos.talentup.cl\/index.php?rest_route=\/wp\/v2\/types\/product"}],"version-history":[{"count":1,"href":"https:\/\/cursos.talentup.cl\/index.php?rest_route=\/wp\/v2\/product\/13739\/revisions"}],"predecessor-version":[{"id":14649,"href":"https:\/\/cursos.talentup.cl\/index.php?rest_route=\/wp\/v2\/product\/13739\/revisions\/14649"}],"wp:featuredmedia":[{"embeddable":true,"href":"https:\/\/cursos.talentup.cl\/index.php?rest_route=\/wp\/v2\/media\/4806"}],"wp:attachment":[{"href":"https:\/\/cursos.talentup.cl\/index.php?rest_route=%2Fwp%2Fv2%2Fmedia&parent=13739"}],"wp:term":[{"taxonomy":"product_brand","embeddable":true,"href":"https:\/\/cursos.talentup.cl\/index.php?rest_route=%2Fwp%2Fv2%2Fproduct_brand&post=13739"},{"taxonomy":"product_cat","embeddable":true,"href":"https:\/\/cursos.talentup.cl\/index.php?rest_route=%2Fwp%2Fv2%2Fproduct_cat&post=13739"},{"taxonomy":"product_tag","embeddable":true,"href":"https:\/\/cursos.talentup.cl\/index.php?rest_route=%2Fwp%2Fv2%2Fproduct_tag&post=13739"}],"curies":[{"name":"wp","href":"https:\/\/api.w.org\/{rel}","templated":true}]}}