{"id":13740,"date":"2023-01-10T04:46:47","date_gmt":"2023-01-10T07:46:47","guid":{"rendered":"https:\/\/cursos.talentup.cl\/producto\/iniciacion-musical-para-ninos-2\/"},"modified":"2024-02-07T23:38:03","modified_gmt":"2024-02-08T02:38:03","slug":"iniciacion-musical-para-ninos-2","status":"publish","type":"product","link":"https:\/\/cursos.talentup.cl\/?product=iniciacion-musical-para-ninos-2","title":{"rendered":"INICIACI\u00d3N MUSICAL PARA NI\u00d1OS"},"content":{"rendered":"<p>La resonancia magn\u00e9tica funcional realizada en ni\u00f1os y adultos comprob\u00f3 que aprender a tocar un instrumento musical en edades tempranas vuelve a las personas m\u00e1s inteligentes.<\/p>\n<p>Con el programa INICIACION MUSICAL, incentiva la pasi\u00f3n por la m\u00fasica en ni\u00f1os entre los 4 y los 8 a\u00f1os.<\/p>\n<p>Aprende de forma divertida las bases musicales con ejercicios r\u00edtmicos, din\u00e1micas auditivas y la pr\u00e1ctica instrumental a trav\u00e9s de la flauta dulce Soprano.<\/p>\n<p>Este aprendizaje te facilitar\u00e1 tocar m\u00e1s adelante cualquier instrumento mel\u00f3dico.<\/p>\n<p>\u00bfQU\u00c9 VAS A LOGRAR?<\/p>\n<p>Fomentar\u00e1s el desarrollo de la memoria auditiva y visual.<\/p>\n<p>Fortalecer\u00e1s la audici\u00f3n a trav\u00e9s de ejercicios de discriminaci\u00f3n auditiva.<\/p>\n<p>Fortalecer\u00e1s la motricidad a trav\u00e9s de los ejercicios r\u00edtmicos con el vaso y la interpretaci\u00f3n de la flauta dulce.<\/p>\n<p>Aprender\u00e1s de madera did\u00e1ctica a leer e interpretar las figuras musicales.<\/p>\n<p>Aumentar\u00e1s las capacidades motoras y creativas.<\/p>\n<p>Acceder\u00e1s al certificado avalado por Hotmart y Seminarios Online.<\/p>\n<p>\u00bfC\u00d3MO LO VAS A LOGRAR?<\/p>\n<p>A trav\u00e9s de los siguientes m\u00f3dulos:<\/p>\n<p>M\u00f3dulo 0 \u2013 PRESENTACI\u00d3N DEL CURSO.<\/p>\n<p>1. Bienvenida.<br \/>\n2. Objetivos.<br \/>\n3. Recomendaciones.<\/p>\n<p>M\u00f3dulo 1. \u2013 EL PULSO, EL ACENTO Y LAS CUALIDADES DEL SONIDO.<\/p>\n<p>4. Pulso y Acento.<br \/>\n5. La Intensidad.<br \/>\n6. La Altura.<br \/>\n7. La Duraci\u00f3n.<\/p>\n<p>M\u00f3dulo 2. \u2013 VASO R\u00cdTMICO.<\/p>\n<p>8. Vaso R\u00edtmico.<br \/>\n9. A La Lata al Latero.<br \/>\n10. Zapatico Roto.<br \/>\n11. Salta la Perdiz.<\/p>\n<p>M\u00f3dulo 3 \u2013 EJERCICIOS R\u00cdTMICOS.<\/p>\n<p>12. Ejercicio #1.<br \/>\n13. Ejercicio #2.<br \/>\n14. Ejercicio #3.<br \/>\n15. Ejercicio #4.<br \/>\n16. Ejercicio #5.<\/p>\n<p>M\u00f3dulo 4 \u2013 LA FLAUTA DULCE SOPRANO.<\/p>\n<p>17. \u00bfQu\u00e9 es la flauta dulce?.<br \/>\n18. Sonidos Medio (Sol, La, Si).<br \/>\n19. Sonidos Agudos (Do4, Re4, Mi4).<\/p>\n<p>M\u00f3dulo 5 \u2013 FIGURAS MUSICALES CON LA FLAUTA.<\/p>\n<p>20. Las Figuras musicales.<br \/>\n21. Ejercicios con Negras y Blancas.<br \/>\n22. La Corchea.<br \/>\n23. Ejercicios Negras, Blancas y Corcheas.<\/p>\n<p>M\u00f3dulo 6 \u2013 CANCIONES EN FLAUTA<\/p>\n<p>24. Repasemos<br \/>\n25. Can &#8211; can.<br \/>\n26. Estrellita.<br \/>\n27. Jingle Bells.<br \/>\n28. Los Pollitos dicen.<\/p>\n<p>ACERCA DEL PRODUCTOR<\/p>\n<p>Desarrollado por EDWAR MELO, Licenciado en educaci\u00f3n Art\u00edstica de Cali (Colombia) con m\u00e1s de 15 a\u00f1os de experiencia en la docencia.<\/p>\n<p>A los 18 a\u00f1os empez\u00f3 su experiencia como docente en una fundaci\u00f3n de ni\u00f1os con necesidades especiales. <\/p>\n<p>Desde ese entonces, Edwar ha sido maestro en diferentes colegios como docente de m\u00fasica en Preescolar, Primaria y tambi\u00e9n como docente particular ense\u00f1ado Piano y Guitarra a ni\u00f1os de 5 a\u00f1os en adelante.<\/p>\n","protected":false},"excerpt":{"rendered":"<p>La resonancia magn\u00e9tica funcional realizada en ni\u00f1os y adultos comprob\u00f3 que aprender a tocar un instrumento musical en edades tempranas vuelve a las personas m\u00e1s inteligentes.<\/p>\n<p>Con el programa INICIACION MUSICAL, incentiva la pasi\u00f3n por la m\u00fasica en ni\u00f1os entre los 4 y los 8 a\u00f1os.<\/p>\n<p>Aprende de forma divertida las bases musicales con ejercicios r\u00edtmicos, din\u00e1micas auditivas y la pr\u00e1ctica instrumental a trav\u00e9s de la flauta dulce Soprano.<\/p>\n<p>Este aprendizaje te facilitar\u00e1 tocar m\u00e1s adelante cualquier instrumento mel\u00f3dico.<\/p>\n","protected":false},"featured_media":4807,"template":"","meta":{"_joinchat":[]},"product_brand":[],"product_cat":[332,344],"product_tag":[],"class_list":{"0":"post-13740","1":"product","2":"type-product","3":"status-publish","4":"has-post-thumbnail","6":"product_cat-musica-y-artes","7":"product_cat-todos","9":"first","10":"instock","11":"sale","12":"shipping-taxable","13":"product-type-external"},"_links":{"self":[{"href":"https:\/\/cursos.talentup.cl\/index.php?rest_route=\/wp\/v2\/product\/13740","targetHints":{"allow":["GET"]}}],"collection":[{"href":"https:\/\/cursos.talentup.cl\/index.php?rest_route=\/wp\/v2\/product"}],"about":[{"href":"https:\/\/cursos.talentup.cl\/index.php?rest_route=\/wp\/v2\/types\/product"}],"version-history":[{"count":1,"href":"https:\/\/cursos.talentup.cl\/index.php?rest_route=\/wp\/v2\/product\/13740\/revisions"}],"predecessor-version":[{"id":14653,"href":"https:\/\/cursos.talentup.cl\/index.php?rest_route=\/wp\/v2\/product\/13740\/revisions\/14653"}],"wp:featuredmedia":[{"embeddable":true,"href":"https:\/\/cursos.talentup.cl\/index.php?rest_route=\/wp\/v2\/media\/4807"}],"wp:attachment":[{"href":"https:\/\/cursos.talentup.cl\/index.php?rest_route=%2Fwp%2Fv2%2Fmedia&parent=13740"}],"wp:term":[{"taxonomy":"product_brand","embeddable":true,"href":"https:\/\/cursos.talentup.cl\/index.php?rest_route=%2Fwp%2Fv2%2Fproduct_brand&post=13740"},{"taxonomy":"product_cat","embeddable":true,"href":"https:\/\/cursos.talentup.cl\/index.php?rest_route=%2Fwp%2Fv2%2Fproduct_cat&post=13740"},{"taxonomy":"product_tag","embeddable":true,"href":"https:\/\/cursos.talentup.cl\/index.php?rest_route=%2Fwp%2Fv2%2Fproduct_tag&post=13740"}],"curies":[{"name":"wp","href":"https:\/\/api.w.org\/{rel}","templated":true}]}}