{"id":13742,"date":"2023-01-10T04:46:47","date_gmt":"2023-01-10T07:46:47","guid":{"rendered":"https:\/\/cursos.talentup.cl\/producto\/velas-artesanales-como-negocio-2\/"},"modified":"2024-02-07T23:38:06","modified_gmt":"2024-02-08T02:38:06","slug":"velas-artesanales-como-negocio-2","status":"publish","type":"product","link":"https:\/\/cursos.talentup.cl\/?product=velas-artesanales-como-negocio-2","title":{"rendered":"VELAS ARTESANALES COMO NEGOCIO"},"content":{"rendered":"<p>Las velas tem\u00e1ticas se han convertido en una de las opciones decorativas preferidas por miles de personas en todo el mundo.          <\/p>\n<p>Con el MasterClass VELAS ARTESANALES COMO NEGOCIO, conoce los diferentes tipos de cera y de velas que existen, las herramientas y sus presentaciones.    <\/p>\n<p>Domina las t\u00e9cnicas y opciones para sorprender a clientes y amigos con un negocio altamente rentable.                            <\/p>\n<p>Crea tu propia marca, administra tu empresa y posici\u00f3nate en el mercado.<\/p>\n<p>\u00bfQU\u00c9 VAS A LOGRAR?<\/p>\n<p>Aprender\u00e1s desde cero, como crear tu propia marca de velas.<\/p>\n<p>Aprender\u00e1s a decorar los hogares o espacios favoritos.<\/p>\n<p>Aprender\u00e1s desde cero y con clases 100% online a iniciar un negocio altamente rentable de Velas Artesanales. <\/p>\n<p>Generar\u00e1s ingresos todos los d\u00edas con poca inversi\u00f3n.<\/p>\n<p>Lograr\u00e1s generar ingresos diariamente y de forma independiente.<\/p>\n<p>Acceder\u00e1s al certificado avalado por Hotmart y Seminarios Online.<\/p>\n<p>\u00bfC\u00d3MO LO VAS A LOGRAR?<\/p>\n<p>A trav\u00e9s del siguiente contenido, estructurado paso a paso:<\/p>\n<p>Video 1: Bienvenida al curso.<br \/>\nVideo 2: Presentaci\u00f3n.<br \/>\nVideo 3: Motivaci\u00f3n.<br \/>\nVideo 4: C\u00f3mo elegir el Nombre de tu negocio.<br \/>\nVideo 5: Creaci\u00f3n del logo.<br \/>\nVideo 6: Presupuesto.<br \/>\nVideo 7: Cu\u00e1nto cobrar por tus velas.<br \/>\nVideo 8: La importancia de tus Redes sociales.<br \/>\nVideo 9: C\u00f3mo crear la Fan Page.<br \/>\nVideo 10: Instagram.<br \/>\nVideo 11: WhatsApp Bussines para vender tus Velas artesanales.<br \/>\nVideo 12: Recomendaciones antes de iniciar.<br \/>\nVideo 13: Herramientas B\u00e1sicas.<br \/>\nVideo 14: Tipos de cera y pigmentos.<br \/>\nVideo 15: Velas en cera vaso.<br \/>\nVideo 16: Velas arom\u00e1ticas.<br \/>\nVideo 17: Velas en lata.<br \/>\nVideo 18: Mosaicos para velas.<br \/>\nVideo 19: Velas en cera china.<br \/>\nVideo 20: Velas en cera gel.<\/p>\n<p>Material complementario (BONOS)<\/p>\n<p>Video 21: C\u00f3mo Envolver tus velas artesanales.<br \/>\nVideo 22: Velas en cera de Soja\/Soya.<br \/>\nPlantilla de Excel para costos y presupuestos.<\/p>\n<p>ACERCA DE LA PRODUCTORA<\/p>\n<p>Desarrollado por CINDY CASTRO, colombiana, mujer emprendedora y con deseos de ense\u00f1ar a otros este maravilloso arte de las velas artesanales. <\/p>\n<p>Ha trabajado de manera independiente en varios pa\u00edses como Argentina y Colombia creando velas artesanales tem\u00e1ticas y arom\u00e1ticas para restaurantes, Spa y hoteles.<\/p>\n<p>Privacidad<br \/>\nTu informaci\u00f3n est\u00e1 100% segura<br \/>\nCompra segura<br \/>\nAmbiente seguro y autenticado<br \/>\nEntrega por email<br \/>\nAcceso al producto entregado por email<br \/>\nContenido aprobado<br \/>\n100% revisado y aprobado<\/p>\n<p>??<\/p>\n","protected":false},"excerpt":{"rendered":"<p>Las velas tem\u00e1ticas se han convertido en una de las opciones decorativas preferidas por miles de personas en todo el mundo.          <\/p>\n<p>Con el MasterClass VELAS ARTESANALES COMO NEGOCIO, conoce los diferentes tipos de cera y de velas que existen, las herramientas y sus presentaciones.    <\/p>\n<p>Domina las t\u00e9cnicas y opciones para sorprender a clientes y amigos con un negocio altamente rentable.                            <\/p>\n<p>Crea tu propia marca, administra tu empresa y posici\u00f3nate en el mercado.<\/p>\n","protected":false},"featured_media":4831,"template":"","meta":{"_joinchat":[]},"product_brand":[],"product_cat":[333,344],"product_tag":[],"class_list":{"0":"post-13742","1":"product","2":"type-product","3":"status-publish","4":"has-post-thumbnail","6":"product_cat-negocios-y-marketing","7":"product_cat-todos","9":"first","10":"instock","11":"sale","12":"shipping-taxable","13":"product-type-external"},"_links":{"self":[{"href":"https:\/\/cursos.talentup.cl\/index.php?rest_route=\/wp\/v2\/product\/13742","targetHints":{"allow":["GET"]}}],"collection":[{"href":"https:\/\/cursos.talentup.cl\/index.php?rest_route=\/wp\/v2\/product"}],"about":[{"href":"https:\/\/cursos.talentup.cl\/index.php?rest_route=\/wp\/v2\/types\/product"}],"version-history":[{"count":1,"href":"https:\/\/cursos.talentup.cl\/index.php?rest_route=\/wp\/v2\/product\/13742\/revisions"}],"predecessor-version":[{"id":14673,"href":"https:\/\/cursos.talentup.cl\/index.php?rest_route=\/wp\/v2\/product\/13742\/revisions\/14673"}],"wp:featuredmedia":[{"embeddable":true,"href":"https:\/\/cursos.talentup.cl\/index.php?rest_route=\/wp\/v2\/media\/4831"}],"wp:attachment":[{"href":"https:\/\/cursos.talentup.cl\/index.php?rest_route=%2Fwp%2Fv2%2Fmedia&parent=13742"}],"wp:term":[{"taxonomy":"product_brand","embeddable":true,"href":"https:\/\/cursos.talentup.cl\/index.php?rest_route=%2Fwp%2Fv2%2Fproduct_brand&post=13742"},{"taxonomy":"product_cat","embeddable":true,"href":"https:\/\/cursos.talentup.cl\/index.php?rest_route=%2Fwp%2Fv2%2Fproduct_cat&post=13742"},{"taxonomy":"product_tag","embeddable":true,"href":"https:\/\/cursos.talentup.cl\/index.php?rest_route=%2Fwp%2Fv2%2Fproduct_tag&post=13742"}],"curies":[{"name":"wp","href":"https:\/\/api.w.org\/{rel}","templated":true}]}}