{"id":13766,"date":"2023-01-10T04:47:06","date_gmt":"2023-01-10T07:47:06","guid":{"rendered":"https:\/\/cursos.talentup.cl\/producto\/terapia-con-imanes-2\/"},"modified":"2024-02-07T23:38:55","modified_gmt":"2024-02-08T02:38:55","slug":"terapia-con-imanes-2","status":"publish","type":"product","link":"https:\/\/cursos.talentup.cl\/?product=terapia-con-imanes-2","title":{"rendered":"TERAPIA CON IMANES"},"content":{"rendered":"<p>El BIOMAGNETISMO es una de las t\u00e9cnicas para el equilibrio f\u00edsico, energ\u00e9tico y emocional m\u00e1s demandadas por las personas en el mundo.<\/p>\n<p>Con el programa TERAPIA CON IMANES, aprende a balancear tu mente, tus emociones y tu energ\u00eda vital para lograr una vida m\u00e1s pr\u00f3spera y saludable.<\/p>\n<p>Conoce la anatom\u00eda de los \u00f3rganos, la nivelaci\u00f3n del PH interno, c\u00f3mo con\u00e9ctate con las leyes vibracionales y mucho m\u00e1s para que realices una terapia asertiva.<\/p>\n<p>\u00bfQU\u00c9 VAS A LOGRAR?<\/p>\n<p>Aprender\u00e1s la anatom\u00eda de los \u00f3rganos, para realizar una terapia asertiva.<\/p>\n<p>Conocer\u00e1s c\u00f3mo funciona el cuerpo humano.<\/p>\n<p>Aprender\u00e1s c\u00f3mo y porqu\u00e9 funciona la terapia con imanes.<\/p>\n<p>Conocer\u00e1s la relaci\u00f3n que hay del magnetismo con el planeta tierra y los seres humanos.<\/p>\n<p>Equilibrar\u00e1s las emociones con las terapias con imanes.<\/p>\n<p>Aprender\u00e1s sobre el equilibrio el\u00e9ctrico corporal.<\/p>\n<p>Conocer\u00e1s la nivelaci\u00f3n del ph interno y mucho m\u00e1s.<\/p>\n<p>Acceder\u00e1s al certificado avalado por Hotmart y Seminarios Online.<\/p>\n<p>\u00bfC\u00d3MO LO VAS A LOGRAR?<\/p>\n<p>A trav\u00e9s del siguiente contenido, estructurado paso a paso:<\/p>\n<p>M\u00d3DULO 1 &#8211; FAMILIA MAGN\u00c9TICA<\/p>\n<p>Familia Magn\u00e9tica.<br \/>\n\u00bfD\u00f3nde encuentro el material?<\/p>\n<p>M\u00d3DULO 2 &#8211; COMUNIDADES<\/p>\n<p>WhatsApp y Telegram.<\/p>\n<p>M\u00d3DULO 3 &#8211; REDES SOCIALES<\/p>\n<p>Facebook &#8211; Instagram &#8211; TikTok &#8211; YouTube.<\/p>\n<p>M\u00d3DULO 4 &#8211; BIENVENIDA<\/p>\n<p>Introducci\u00f3n.<br \/>\nRecomendaciones.<br \/>\nRequisitos para obtener el certificado.<\/p>\n<p>M\u00d3DULO 5 &#8211; INTRODUCCI\u00d3N<\/p>\n<p>Historia.<br \/>\nLa magnetita.<br \/>\nPolos magn\u00e9ticos.<\/p>\n<p>M\u00d3DULO 6 &#8211; IMANES Y PRODUCTOS<\/p>\n<p>Tipos de imanes.<\/p>\n<p>M\u00d3DULO 7 &#8211; \u00bfQU\u00c9 ES LA MAGNETOTERAPIA?<\/p>\n<p>La magnetoterapia.<\/p>\n<p>M\u00d3DULO 8 &#8211; POLARIDAD DE UN IM\u00c1N<\/p>\n<p>Polaridad de un im\u00e1n.<\/p>\n<p>M\u00d3DULO 9 &#8211; EL CUERPO Y EL MAGNETISMO<\/p>\n<p>C\u00f3mo nivelar el cuerpo con imanes.<\/p>\n<p>M\u00d3DULO 10 &#8211; T\u00c9CNICA BANSAL<\/p>\n<p>Aplicaci\u00f3n de bansales.<\/p>\n<p>M\u00d3DULO 11- MAGNETOTERAPIA PARA EL DIARIO VIVIR<\/p>\n<p>Protocolos para el diario vivir.<br \/>\nIm\u00e1n en ombligo.<br \/>\nIm\u00e1n fr\u00edo.<\/p>\n<p>M\u00d3DULO 12 \u2013 CIERRE<\/p>\n<p>Cierre.<\/p>\n<p>M\u00d3DULO 13 &#8211; MANUAL A DESCARGAR<\/p>\n<p>Manual.<\/p>\n<p>M\u00d3DULO 14 &#8211; BONOS<\/p>\n<p>Bono 1: Equilibrio de chacras.<br \/>\nBono 2: Equilibrio glandular.<br \/>\nBono 3: Restauraci\u00f3n energ\u00e9tica.<\/p>\n<p>M\u00d3DULO 15 &#8211; C\u00d3MO OBTENER TU CERTIFICADO<\/p>\n<p>\u00bfC\u00f3mo obtener tu Certificado?<\/p>\n<p>ACERCA DEL PRODUCTOR <\/p>\n<p>Desarrollado por LIC. GERSSON LOPEZ Especialista en Terapias Magn\u00e9ticas y Nutricionista. <\/p>\n<p>Certificado en las m\u00e1s renombradas escuelas terap\u00e9uticas de M\u00e9xico, Miembro de la Sociedad Venezolana de Medicina Cu\u00e1ntica, T\u00e9cnico en enfermer\u00eda, Natur\u00f3pata y Musicoterapeuta. <\/p>\n","protected":false},"excerpt":{"rendered":"<p>El BIOMAGNETISMO es una de las t\u00e9cnicas para el equilibrio f\u00edsico, energ\u00e9tico y emocional m\u00e1s demandadas por las personas en el mundo.<\/p>\n<p>Con el programa TERAPIA CON IMANES, aprende a balancear tu mente, tus emociones y tu energ\u00eda vital para lograr una vida m\u00e1s pr\u00f3spera y saludable.<\/p>\n<p>Conoce la anatom\u00eda de los \u00f3rganos, la nivelaci\u00f3n del PH interno, c\u00f3mo con\u00e9ctate con las leyes vibracionales y mucho m\u00e1s para que realices una terapia asertiva.<\/p>\n","protected":false},"featured_media":5196,"template":"","meta":{"_joinchat":[]},"product_brand":[],"product_cat":[337,344],"product_tag":[],"class_list":{"0":"post-13766","1":"product","2":"type-product","3":"status-publish","4":"has-post-thumbnail","6":"product_cat-salud-y-deportes","7":"product_cat-todos","9":"first","10":"instock","11":"sale","12":"shipping-taxable","13":"product-type-external"},"_links":{"self":[{"href":"https:\/\/cursos.talentup.cl\/index.php?rest_route=\/wp\/v2\/product\/13766","targetHints":{"allow":["GET"]}}],"collection":[{"href":"https:\/\/cursos.talentup.cl\/index.php?rest_route=\/wp\/v2\/product"}],"about":[{"href":"https:\/\/cursos.talentup.cl\/index.php?rest_route=\/wp\/v2\/types\/product"}],"version-history":[{"count":1,"href":"https:\/\/cursos.talentup.cl\/index.php?rest_route=\/wp\/v2\/product\/13766\/revisions"}],"predecessor-version":[{"id":15093,"href":"https:\/\/cursos.talentup.cl\/index.php?rest_route=\/wp\/v2\/product\/13766\/revisions\/15093"}],"wp:featuredmedia":[{"embeddable":true,"href":"https:\/\/cursos.talentup.cl\/index.php?rest_route=\/wp\/v2\/media\/5196"}],"wp:attachment":[{"href":"https:\/\/cursos.talentup.cl\/index.php?rest_route=%2Fwp%2Fv2%2Fmedia&parent=13766"}],"wp:term":[{"taxonomy":"product_brand","embeddable":true,"href":"https:\/\/cursos.talentup.cl\/index.php?rest_route=%2Fwp%2Fv2%2Fproduct_brand&post=13766"},{"taxonomy":"product_cat","embeddable":true,"href":"https:\/\/cursos.talentup.cl\/index.php?rest_route=%2Fwp%2Fv2%2Fproduct_cat&post=13766"},{"taxonomy":"product_tag","embeddable":true,"href":"https:\/\/cursos.talentup.cl\/index.php?rest_route=%2Fwp%2Fv2%2Fproduct_tag&post=13766"}],"curies":[{"name":"wp","href":"https:\/\/api.w.org\/{rel}","templated":true}]}}