{"id":13767,"date":"2023-01-10T04:47:07","date_gmt":"2023-01-10T07:47:07","guid":{"rendered":"https:\/\/cursos.talentup.cl\/producto\/motricidad-y-desarrollo-cognitivo-desde-casa-2\/"},"modified":"2024-02-07T23:38:56","modified_gmt":"2024-02-08T02:38:56","slug":"motricidad-y-desarrollo-cognitivo-desde-casa-2","status":"publish","type":"product","link":"https:\/\/cursos.talentup.cl\/?product=motricidad-y-desarrollo-cognitivo-desde-casa-2","title":{"rendered":"MOTRICIDAD Y DESARROLLO COGNITIVO DESDE CASA"},"content":{"rendered":"<p>Durante la crisis el cambio de rutina y el encierro en casa, hizo que muchos ni\u00f1os presentaran problemas de concentraci\u00f3n y motivaci\u00f3n para hacer ejercicios f\u00edsicos.<\/p>\n<p>Con el MasterClass MOTRICIDAD Y DESARROLLO COGNITIVO DESDE CASA, estimula la inteligencia de tus hijos partir de actividades pr\u00e1cticas con objetos f\u00e1ciles de conseguir.<\/p>\n<p>Haz de esta terapia una experiencia divertida, potenciando las habilidades a trav\u00e9s del juego y estimulando la coordinaci\u00f3n.<\/p>\n<p>Este programa incluso puede ser desarrollado en adultos mayores.<\/p>\n<p>\u00bfQU\u00c9 VAS A LOGRAR?<\/p>\n<p>Aprender actividades seg\u00fan el tipo de ni\u00f1o para que aprenda a ser independiente en su vida cotidiana.<br \/>\nComprender cu\u00e1l es el objetivo lograr seg\u00fan el tipo de actividad.<br \/>\nComprender y saber qu\u00e9 es la psicomotricidad y su importancia.<br \/>\nDesarrollar una interacci\u00f3n apropiada entre la acci\u00f3n motriz y cognitiva.<br \/>\nMotivar los sentidos a trav\u00e9s de las sensaciones y relaciones entre el cuerpo y el exterior.<br \/>\nDescubrir y expresar sus capacidades a trav\u00e9s de la acci\u00f3n y expresi\u00f3n de la emoci\u00f3n.<br \/>\nPotenciar habilidades y destrezas a trav\u00e9s del juego.<br \/>\nDominar tu cuerpo para obtener movimientos precisos y coordinados.<br \/>\nEstimular la atenci\u00f3n visual.<br \/>\nAprender a reconocer colores, n\u00fameros primarios y figuras geom\u00e9tricas con agilidad.<br \/>\nLograr a trav\u00e9s de actividades de la vida diaria, vestimenta y lugares del hogar a desarrollar habilidades que ser\u00e1n de gran utilidad para las situaciones de la vida.<br \/>\nPotenciar el agarre, el reconocimiento de lateralidades, la coordinaci\u00f3n din\u00e1mica, el equilibrio y fomentar la atenci\u00f3n.<br \/>\nAcceder al certificado avalado por Hotmart y SeminariosOnline. <\/p>\n<p>\u00bfC\u00d3MO LO VAS A LOGRAR?<\/p>\n<p>A trav\u00e9s de este programa pr\u00e1ctico y din\u00e1mico donde disfrutar\u00e1s m\u00e1s de 26 actividades psicomotrices que facilitar\u00e1n la ense\u00f1anza desde tu hogar de una manera divertida mediante la utilizaci\u00f3n de materiales f\u00e1ciles de conseguir y usar. <\/p>\n<p>MODULO 1. INTRODUCCI\u00d3N A TERAPIA OCUPACIONAL.<\/p>\n<p>Lecci\u00f3n 1. Presentaci\u00f3n.<br \/>\nLecci\u00f3n 2. Concepto de Terapia Ocupacional y Psicomotricidad.\t<\/p>\n<p>MODULO 2. ACTIVIDADES DE MOTRICIDAD FINA Y SUS OBJETIVOS.<\/p>\n<p>Lecci\u00f3n 3. Concepto e importancia de motricidad fina.<br \/>\nLecci\u00f3n 4. Camiseta did\u00e1ctica. \u2013 Desarrollar\u00e1 coordinaci\u00f3n, concentraci\u00f3n, precisi\u00f3n.<br \/>\nLecci\u00f3n 5. Botellas reciclables. \u2013 Potenciar reconocimiento de colores y coordinaci\u00f3n.<br \/>\nLecci\u00f3n 6. Adecuando nuestro tarro. \u2013 Potenciar precisi\u00f3n y coordinaci\u00f3n.<br \/>\n Lecci\u00f3n 7. Cubeta de huevos y frejoles. \u2013 Reconocimiento de n\u00fameros y colores.<br \/>\nLecci\u00f3n 8. CDS y pinzas. \u2013 Reconocimiento de n\u00fameros y colores.<br \/>\nLecci\u00f3n 9. Utilizando fideos canelones. \u2013 Potenciar ensarte y concentraci\u00f3n.<br \/>\nLecci\u00f3n 10. Es momento de pescar. \u2013 Fomentar equilibrio e identificaci\u00f3n de colores y figuras.<br \/>\nLecci\u00f3n 11. Utilizando mis dedos. \u2013 Reconocimiento de letras.<br \/>\nLecci\u00f3n 12. Armando el rostro humano. \u2013 Reconocimiento de gestos faciales.<br \/>\nLecci\u00f3n 13. Reconociendo formas.  <\/p>\n<p>MODULO 3. ACTIVIDADES DE MOTRICIDAD GRUESA Y SUS OBJETIVOS.<\/p>\n<p>Lecci\u00f3n 14. Concepto e importancia de motricidad gruesa.<br \/>\nLecci\u00f3n 15. Saltando llegar\u00e9. \u2013 Reconocimiento de colores y figuras geom\u00e9tricas \/ equilibrio.<br \/>\nLecci\u00f3n 16. Encuentra y arma el rompecabezas. \u2013 Identificaci\u00f3n de lugares y coordinaci\u00f3n.<br \/>\nLecci\u00f3n 17. La l\u00ednea que me gu\u00eda. \u2013 Reconocimiento de n\u00fameros y colores.<br \/>\nLecci\u00f3n 18. Reconociendo lugares. \u2013 Identificaci\u00f3n de lugares y coordinaci\u00f3n.<br \/>\nLecci\u00f3n 19. Trasladando pinzas. \u2013 Coordinaci\u00f3n y cumplimiento de \u00f3rdenes.<br \/>\nLecci\u00f3n 20. Saltando, saltando. \u2013 Reconocimiento de figuras y equilibrio.<br \/>\nLecci\u00f3n 21. Guiando la pelota. \u2013 Coordinaci\u00f3n y equilibrio.<br \/>\nLecci\u00f3n 22. Prendas de vestir. \u2013 Coordinaci\u00f3n e identificaci\u00f3n de prendas de vestir.<br \/>\nLecci\u00f3n 23. Lanzando el dado. \u2013 Reconocimiento de colores y figuras. <\/p>\n<p>MODULO 4. CIRCUITOS PSICOMOTRICES.<\/p>\n<p>Lecci\u00f3n 24. Objetivos y demostraci\u00f3n de 7 circuitos psicomotrices, recomendaciones y despedida.<\/p>\n<p>ACERCA DE LA PRODUCTORA:<\/p>\n<p>Desarrollado por In\u00e9s CELLERI HERRERA, Lcda. en Terapia Ocupacional con m\u00e1s de 4 a\u00f1os de experiencia en intervenci\u00f3n en ni\u00f1os, adultos, adultos mayores y personas con discapacidad. <\/p>\n<p>Con una gran trayectoria para ense\u00f1ar, potenciar y\/o mejorar su desempe\u00f1o ocupacional y autonom\u00eda obteniendo una mayor independencia. <\/p>\n","protected":false},"excerpt":{"rendered":"<p>Durante la crisis el cambio de rutina y el encierro en casa, hizo que muchos ni\u00f1os presentaran problemas de concentraci\u00f3n y motivaci\u00f3n para hacer ejercicios f\u00edsicos.<\/p>\n<p>Con el MasterClass MOTRICIDAD Y DESARROLLO COGNITIVO DESDE CASA, estimula la inteligencia de tus hijos partir de actividades pr\u00e1cticas con objetos f\u00e1ciles de conseguir.<\/p>\n<p>Haz de esta terapia una experiencia divertida, potenciando las habilidades a trav\u00e9s del juego y estimulando la coordinaci\u00f3n.<\/p>\n<p>Este programa incluso puede ser desarrollado en adultos mayores.<\/p>\n","protected":false},"featured_media":5213,"template":"","meta":{"_joinchat":[]},"product_brand":[],"product_cat":[337,344],"product_tag":[],"class_list":{"0":"post-13767","1":"product","2":"type-product","3":"status-publish","4":"has-post-thumbnail","6":"product_cat-salud-y-deportes","7":"product_cat-todos","9":"first","10":"instock","11":"sale","12":"shipping-taxable","13":"product-type-external"},"_links":{"self":[{"href":"https:\/\/cursos.talentup.cl\/index.php?rest_route=\/wp\/v2\/product\/13767","targetHints":{"allow":["GET"]}}],"collection":[{"href":"https:\/\/cursos.talentup.cl\/index.php?rest_route=\/wp\/v2\/product"}],"about":[{"href":"https:\/\/cursos.talentup.cl\/index.php?rest_route=\/wp\/v2\/types\/product"}],"version-history":[{"count":1,"href":"https:\/\/cursos.talentup.cl\/index.php?rest_route=\/wp\/v2\/product\/13767\/revisions"}],"predecessor-version":[{"id":15110,"href":"https:\/\/cursos.talentup.cl\/index.php?rest_route=\/wp\/v2\/product\/13767\/revisions\/15110"}],"wp:featuredmedia":[{"embeddable":true,"href":"https:\/\/cursos.talentup.cl\/index.php?rest_route=\/wp\/v2\/media\/5213"}],"wp:attachment":[{"href":"https:\/\/cursos.talentup.cl\/index.php?rest_route=%2Fwp%2Fv2%2Fmedia&parent=13767"}],"wp:term":[{"taxonomy":"product_brand","embeddable":true,"href":"https:\/\/cursos.talentup.cl\/index.php?rest_route=%2Fwp%2Fv2%2Fproduct_brand&post=13767"},{"taxonomy":"product_cat","embeddable":true,"href":"https:\/\/cursos.talentup.cl\/index.php?rest_route=%2Fwp%2Fv2%2Fproduct_cat&post=13767"},{"taxonomy":"product_tag","embeddable":true,"href":"https:\/\/cursos.talentup.cl\/index.php?rest_route=%2Fwp%2Fv2%2Fproduct_tag&post=13767"}],"curies":[{"name":"wp","href":"https:\/\/api.w.org\/{rel}","templated":true}]}}